{"id":40344,"date":"2025-06-23T15:52:52","date_gmt":"2025-06-23T13:52:52","guid":{"rendered":"https:\/\/laencantada.es\/?post_type=product&#038;p=40344"},"modified":"2025-12-01T08:32:14","modified_gmt":"2025-12-01T07:32:14","slug":"jaboneras-solidarias-de-tela-impermeable","status":"publish","type":"product","link":"https:\/\/laencantada.es\/en\/product\/jaboneras-solidarias-de-tela-impermeable\/","title":{"rendered":"Jaboneras solidarias de tela impermeable"},"content":{"rendered":"","protected":false},"excerpt":{"rendered":"<h3 data-start=\"85\" data-end=\"136\"><strong data-start=\"89\" data-end=\"134\">Cada compra, un paso hacia el cambio \u2764\ufe0f\ud83c\udf0d<\/strong><\/h3>\n<p data-start=\"138\" data-end=\"371\">En La Encantada, creemos que cada elecci\u00f3n cuenta. Nuestras jaboneras de tela impermeable no son solo un accesorio pr\u00e1ctico para tu cosm\u00e9tica s\u00f3lida; son un s\u00edmbolo de solidaridad y apoyo a proyectos sociales que transforman vidas.<\/p>\n<p data-start=\"373\" data-end=\"680\"><strong data-start=\"373\" data-end=\"409\">\u2728 Confeccionadas a mano con amor<\/strong> por <a href=\"https:\/\/diambaar.com\/\"><strong data-start=\"414\" data-end=\"426\">Diambaar<\/strong><\/a>, una cooperativa en Barcelona que ofrece oportunidades laborales a personas migrantes en situaci\u00f3n de vulnerabilidad. Gracias a su trabajo, estas personas pueden construir una vida m\u00e1s digna y estable en un entorno que muchas veces les resulta hostil.<\/p>\n<h3 data-start=\"682\" data-end=\"780\">Adem\u00e1s, el <strong data-start=\"693\" data-end=\"716\">50% de los ingresos<\/strong> de cada venta se destina a dos causas sociales fundamentales:<\/h3>\n<ul data-start=\"782\" data-end=\"1472\">\n<li data-start=\"782\" data-end=\"1220\">\n<p data-start=\"784\" data-end=\"1220\"><a href=\"https:\/\/caminasenegal.org\/enhebra-nass-gara\/\"><strong data-start=\"784\" data-end=\"827\">\ud83d\udc9a Telas de Senegal y apoyo a ENHEBRA<\/strong>:<\/a> Las vibrantes telas africanas wax utilizadas para las jaboneras provienen de Senegal. Parte de los ingresos se destinan a <a href=\"https:\/\/caminasenegal.org\/enhebra-nass-gara\/\"><strong data-start=\"951\" data-end=\"962\">ENHEBRA<\/strong><\/a>, un proyecto de la asociaci\u00f3n<strong> <a href=\"https:\/\/caminasenegal.org\">Camina Senegal<\/a><\/strong> que empodera a mujeres de las comunidades Nass-Gara e Nass-Kafeu. A trav\u00e9s de la costura y la formaci\u00f3n, estas mujeres generan ingresos para mejorar la calidad de vida de sus familias y fortalecer su autonom\u00eda.<\/p>\n<\/li>\n<li data-start=\"1223\" data-end=\"1472\">\n<p data-start=\"1225\" data-end=\"1472\"><a href=\"https:\/\/diambaar.com\/\"><strong data-start=\"1225\" data-end=\"1265\">\ud83e\udd32 Confecci\u00f3n en Diambaar, Barcelona<\/strong>:<\/a> Las jaboneras son elaboradas en esta cooperativa que brinda oportunidades laborales a personas migrantes en situaci\u00f3n de vulnerabilidad, ayud\u00e1ndoles a integrarse y superar barreras econ\u00f3micas y sociales.<\/p>\n<\/li>\n<\/ul>\n<hr data-start=\"1474\" data-end=\"1477\" \/>\n<h3 data-start=\"1479\" data-end=\"1563\"><strong data-start=\"1483\" data-end=\"1561\">Funcionalidad y sostenibilidad: porque cuidar del mundo tambi\u00e9n importa \ud83c\udf31<\/strong><\/h3>\n<p data-start=\"1565\" data-end=\"1709\">Adem\u00e1s de su impacto social, estas jaboneras est\u00e1n dise\u00f1adas para ser <strong data-start=\"1635\" data-end=\"1672\">pr\u00e1cticas, ecol\u00f3gicas y perfectas<\/strong> para proteger tu cosm\u00e9tica s\u00f3lida:<\/p>\n<ul data-start=\"1711\" data-end=\"2318\">\n<li data-start=\"1711\" data-end=\"2052\">\n<p data-start=\"1713\" data-end=\"2052\"><strong data-start=\"1713\" data-end=\"1741\">\ud83e\uddfc Cuidado especializado<\/strong>: Las jaboneras de pl\u00e1stico, adem\u00e1s de perjudicar el medio ambiente, no conservan adecuadamente los productos s\u00f3lidos, haciendo que se deterioren. Estas jaboneras, fabricadas con tejidos africanos wax y materiales impermeables, son ideales para mantener tus jabones y champ\u00fas secos y en perfectas condiciones.<\/p>\n<\/li>\n<li data-start=\"2054\" data-end=\"2204\">\n<p data-start=\"2056\" data-end=\"2204\"><strong data-start=\"2056\" data-end=\"2080\">\ud83c\udf0d Adi\u00f3s al pl\u00e1stico<\/strong>: Apostar por estas jaboneras es elegir un futuro m\u00e1s sostenible, evitando el uso de materiales que da\u00f1an nuestro planeta.<\/p>\n<\/li>\n<li data-start=\"2206\" data-end=\"2318\">\n<p data-start=\"2208\" data-end=\"2318\"><strong data-start=\"2208\" data-end=\"2230\">\ud83c\udf92 Dise\u00f1o vers\u00e1til<\/strong>: Disponibles en dos tama\u00f1os, son perfectas tanto para viajes como para el uso diario.<\/p>\n<\/li>\n<\/ul>\n<hr data-start=\"2320\" data-end=\"2323\" \/>\n<h3 data-start=\"2325\" data-end=\"2363\"><strong data-start=\"2329\" data-end=\"2361\">Un producto con prop\u00f3sito \ud83d\udcab<\/strong><\/h3>\n<p data-start=\"2365\" data-end=\"2530\">Cada jabonera no solo te acompa\u00f1a en tus rutinas, sino que tambi\u00e9n representa una red de apoyo a mujeres y personas migrantes que luchan por mejores oportunidades.<\/p>\n<p data-start=\"2532\" data-end=\"2716\"><strong data-start=\"2532\" data-end=\"2586\">\ud83e\udd1d \u00danete a este movimiento solidario y sostenible.<\/strong><br data-start=\"2586\" data-end=\"2589\" \/>Haz tu compra hoy y s\u00e9 parte del cambio. Porque cuando apoyamos a las personas, construimos comunidades m\u00e1s fuertes y justas.<\/p>","protected":false},"featured_media":40345,"comment_status":"closed","ping_status":"closed","template":"","meta":{"om_disable_all_campaigns":false,"_monsterinsights_skip_tracking":false,"_monsterinsights_sitenote_active":false,"_monsterinsights_sitenote_note":"","_monsterinsights_sitenote_category":0,"_uf_show_specific_survey":0,"_uf_disable_surveys":false},"product_brand":[],"product_cat":[123],"product_tag":[],"class_list":{"0":"post-40344","1":"product","2":"type-product","3":"status-publish","4":"has-post-thumbnail","6":"product_cat-jabonerassolidarias","8":"first","9":"instock","10":"taxable","11":"shipping-taxable","12":"purchasable","13":"product-type-variable"},"_links":{"self":[{"href":"https:\/\/laencantada.es\/en\/wp-json\/wp\/v2\/product\/40344","targetHints":{"allow":["GET"]}}],"collection":[{"href":"https:\/\/laencantada.es\/en\/wp-json\/wp\/v2\/product"}],"about":[{"href":"https:\/\/laencantada.es\/en\/wp-json\/wp\/v2\/types\/product"}],"replies":[{"embeddable":true,"href":"https:\/\/laencantada.es\/en\/wp-json\/wp\/v2\/comments?post=40344"}],"wp:featuredmedia":[{"embeddable":true,"href":"https:\/\/laencantada.es\/en\/wp-json\/wp\/v2\/media\/40345"}],"wp:attachment":[{"href":"https:\/\/laencantada.es\/en\/wp-json\/wp\/v2\/media?parent=40344"}],"wp:term":[{"taxonomy":"product_brand","embeddable":true,"href":"https:\/\/laencantada.es\/en\/wp-json\/wp\/v2\/product_brand?post=40344"},{"taxonomy":"product_cat","embeddable":true,"href":"https:\/\/laencantada.es\/en\/wp-json\/wp\/v2\/product_cat?post=40344"},{"taxonomy":"product_tag","embeddable":true,"href":"https:\/\/laencantada.es\/en\/wp-json\/wp\/v2\/product_tag?post=40344"}],"curies":[{"name":"wp","href":"https:\/\/api.w.org\/{rel}","templated":true}]}}