{"id":39769,"date":"2025-02-25T11:32:03","date_gmt":"2025-02-25T10:32:03","guid":{"rendered":"https:\/\/laencantada.es\/?post_type=product&#038;p=39769"},"modified":"2025-12-01T08:33:07","modified_gmt":"2025-12-01T07:33:07","slug":"ecopack-family-copy","status":"publish","type":"product","link":"https:\/\/laencantada.es\/en\/product\/ecopack-family-copy\/","title":{"rendered":"Family Ecopack"},"content":{"rendered":"<p>\ud83c\udf81\u00a0<span style=\"box-sizing: border-box; font-weight: bolder;\" data-start=\"7\" data-end=\"44\">A Magical Detail in Every Ecopack<\/span><\/p>\n<p>Our Ecopacks are delivered in a\u00a0<span style=\"box-sizing: border-box; font-weight: bolder;\" data-start=\"85\" data-end=\"113\">recycled cardboard box<\/span>taking care of the planet from the very first step. But that's not all:<\/p>\n<p>\ud83c\udf3f\u00a0<span style=\"box-sizing: border-box; font-weight: bolder;\" data-start=\"184\" data-end=\"214\">A special gift for you<\/span>From the heart of La Encantada forest, we add a unique and natural touch to your experience:<\/p>\n<ul style=\"box-sizing: border-box; margin-block: 0px; border: 0px; outline: 0px; vertical-align: baseline; background-image: initial; background-position: initial; background-size: initial; background-repeat: initial; background-attachment: initial; background-origin: initial; background-clip: initial; font-family: 'EB Garamond', sans-serif;\" data-start=\"315\" data-end=\"504\">\n<li class=\"\" style=\"box-sizing: border-box; margin-block: 0px; border: 0px; outline: 0px; vertical-align: baseline; background: transparent;\" data-start=\"315\" data-end=\"419\">A\u00a0<span style=\"box-sizing: border-box; font-weight: bolder;\" data-start=\"320\" data-end=\"352\">sprig of aromatic herbs<\/span>\u00a0which varies according to the season: it can be rosemary, sage or thyme.<\/li>\n<li class=\"\" style=\"box-sizing: border-box; margin-block: 0px; border: 0px; outline: 0px; vertical-align: baseline; background: transparent;\" data-start=\"420\" data-end=\"504\">\ud83c\udf38 This small detail is designed to fill your home with nature and aroma.<\/li>\n<\/ul>\n<p>Each Ecopack is more than a product, it is an invitation to connect with the essentials and enjoy conscious care. We hope this special gift will bring a smile to your face!<\/p>","protected":false},"excerpt":{"rendered":"<p data-start=\"163\" data-end=\"228\"><strong data-start=\"166\" data-end=\"225\">\u00a0Cuidado Natural para Toda la Familia<\/strong> \ud83c\udf3f<\/p>\n<p data-start=\"230\" data-end=\"444\">Bienvenido a un viaje hacia la cosm\u00e9tica consciente. Este <strong data-start=\"288\" data-end=\"308\">Family Ecopack<\/strong> ha sido creado para ofrecerte lo mejor en <strong data-start=\"351\" data-end=\"382\">cuidado natural y ecol\u00f3gico<\/strong>, sin comprometer ni tu bienestar ni el de nuestro planeta.<\/p>\n<p data-start=\"446\" data-end=\"479\"><strong data-start=\"446\" data-end=\"479\">\u00bfPor qu\u00e9 elegir este Ecopack?<\/strong><\/p>\n<p data-start=\"481\" data-end=\"984\">\u2714\ufe0f <strong data-start=\"484\" data-end=\"524\">Cuidado natural para toda la familia<\/strong>: Cosm\u00e9ticos dise\u00f1ados para cada miembro, desde los m\u00e1s peque\u00f1os hasta los adultos.<br data-start=\"607\" data-end=\"610\" \/>\u2714\ufe0f <strong data-start=\"613\" data-end=\"639\">100% libre de qu\u00edmicos<\/strong>: Nada de conservantes, colorantes ni fragancias artificiales. Solo lo mejor de la naturaleza.<br data-start=\"733\" data-end=\"736\" \/>\u2714\ufe0f <strong data-start=\"739\" data-end=\"777\">Ingredientes certificados como Bio<\/strong>: Garant\u00eda de calidad, pureza y respeto por el medio ambiente.\u00a0<br data-start=\"842\" data-end=\"845\" \/>\u2714\ufe0f <strong data-start=\"848\" data-end=\"880\">Cosm\u00e9tica \u00e9tica y sostenible<\/strong>: Productos elaborados con amor y respeto hacia la Tierra, para que puedas cuidar de ti y de tu entorno.<\/p>\n<p data-start=\"986\" data-end=\"1011\"><strong data-start=\"986\" data-end=\"1011\">This Ecopack includes:<\/strong><\/p>\n<p data-start=\"986\" data-end=\"1011\">\ud83e\uddfc <a href=\"https:\/\/laencantada.es\/en\/product\/rosemary-soap\/\"><strong data-start=\"1080\" data-end=\"1118\">Jab\u00f3n Tonificante de Romero (125g)<\/strong>:<\/a> Refresca y tonifica tu piel naturalmente.<\/p>\n<p data-start=\"986\" data-end=\"1011\">\ud83c\udf38 <a href=\"https:\/\/laencantada.es\/en\/product\/aloe-vera-and-calendula-soap-for-sensitive-skins\/\"><strong data-start=\"1169\" data-end=\"1227\">Jab\u00f3n Pieles Sensibles de Aloe Vera y Cal\u00e9ndula (125g)<\/strong>:<\/a> Ideal para pieles delicadas, calmante y suave.<\/p>\n<p data-start=\"986\" data-end=\"1011\">\ud83c\udf3f <a href=\"https:\/\/laencantada.es\/en\/product\/rosemary-solid-shampoo-copy\/\"><strong data-start=\"1283\" data-end=\"1316\">Champ\u00fa S\u00f3lido de Romero (85g)<\/strong>:<\/a> Limpia, revitaliza y fortalece tu cabello.<\/p>\n<p data-start=\"986\" data-end=\"1011\">\ud83c\udf3c <a href=\"https:\/\/laencantada.es\/en\/product\/calendula-solid-shampoo-copy\/\"><strong data-start=\"1368\" data-end=\"1404\">Champ\u00fa S\u00f3lido de Cal\u00e9ndula (85g)<\/strong>:<\/a> Perfecto para una limpieza suave y nutritiva.<\/p>\n<p data-start=\"986\" data-end=\"1011\">\ud83e\uddb7 <a href=\"https:\/\/laencantada.es\/en\/product\/sage-toothpaste-2\/\"><strong data-start=\"1459\" data-end=\"1496\">Pasta Dent\u00edfrica de Salvia (80ml)<\/strong>:<\/a> Refresca tu aliento de manera natural y sin productos qu\u00edmicos.<\/p>\n<p data-start=\"986\" data-end=\"1011\">\ud83d\udca7 <a href=\"https:\/\/laencantada.es\/en\/product\/calendula-moisturizing-facial-cream\/\"><strong data-start=\"1569\" data-end=\"1616\">Crema Facial Hidratante de Cal\u00e9ndula (50ml)<\/strong>:<\/a> Hidrataci\u00f3n profunda y natural para tu piel.<\/p>\n<p data-start=\"986\" data-end=\"1011\">\ud83c\udf4a <a href=\"https:\/\/laencantada.es\/en\/product\/orange-lip-balm-2\/\"><strong data-start=\"1670\" data-end=\"1706\">B\u00e1lsamo Labial de Naranja (15ml)<\/strong>:<\/a> Protege tus labios con un toque de frescura y suavidad.<\/p>\n<p data-start=\"986\" data-end=\"1011\">\ud83c\udf31 <a href=\"https:\/\/laencantada.es\/en\/product\/saint-marys-ointment-for-skin-conditions\/\"><strong data-start=\"1771\" data-end=\"1828\">Ung\u00fcento de Santa Mar\u00eda Pieles Sensibles \u2013 CBD (50ml)<\/strong>:<\/a> Calma, repara y nutre las pieles m\u00e1s sensibles.<\/p>\n<p data-start=\"1430\" data-end=\"1575\"><strong data-start=\"1812\" data-end=\"1861\">\ud83c\udf3f Todos los ecopacks llevan dentro un ramito de hierbas encantadas de regalo.<\/strong><\/p>\n<p data-start=\"1015\" data-end=\"1074\">\ud83c\udf81\u00a0<strong data-start=\"1018\" data-end=\"1042\">Presentation box<\/strong>: \u00a1Gratis, lista para regalar!<\/p>\n<p data-start=\"1879\" data-end=\"1964\">\ud83d\udc49 <strong data-start=\"1882\" data-end=\"1964\">Haz clic en cada producto para conocer m\u00e1s sobre sus propiedades y beneficios.<\/strong><\/p>\n<p data-start=\"1966\" data-end=\"2104\">At <strong data-start=\"1969\" data-end=\"1995\">La Encantada Cosmetics<\/strong> nos sentimos orgullosos de brindarte una alternativa natural y respetuosa para cuidar de ti y los tuyos.<\/p>\n<p data-start=\"2106\" data-end=\"2182\"><strong data-start=\"2106\" data-end=\"2182\">\u00a1Haz de cada momento de cuidado un acto de amor por ti y por el planeta!<\/strong><\/p>\n<p data-start=\"2184\" data-end=\"2227\">\u2705\u00a0<strong>10% discount on your first order<br \/>\n<\/strong>\u2705\u00a0<strong>FREE SHIPPING on orders +39\u20ac.<\/strong><\/p>","protected":false},"featured_media":38464,"comment_status":"closed","ping_status":"closed","template":"","meta":{"om_disable_all_campaigns":false,"_monsterinsights_skip_tracking":false,"_monsterinsights_sitenote_active":false,"_monsterinsights_sitenote_note":"","_monsterinsights_sitenote_category":0,"_uf_show_specific_survey":0,"_uf_disable_surveys":false},"product_brand":[],"product_cat":[108],"product_tag":[],"class_list":{"0":"post-39769","1":"product","2":"type-product","3":"status-publish","4":"has-post-thumbnail","6":"product_cat-ecopacks","8":"first","9":"instock","10":"taxable","11":"shipping-taxable","12":"purchasable","13":"product-type-simple"},"_links":{"self":[{"href":"https:\/\/laencantada.es\/en\/wp-json\/wp\/v2\/product\/39769","targetHints":{"allow":["GET"]}}],"collection":[{"href":"https:\/\/laencantada.es\/en\/wp-json\/wp\/v2\/product"}],"about":[{"href":"https:\/\/laencantada.es\/en\/wp-json\/wp\/v2\/types\/product"}],"replies":[{"embeddable":true,"href":"https:\/\/laencantada.es\/en\/wp-json\/wp\/v2\/comments?post=39769"}],"wp:featuredmedia":[{"embeddable":true,"href":"https:\/\/laencantada.es\/en\/wp-json\/wp\/v2\/media\/38464"}],"wp:attachment":[{"href":"https:\/\/laencantada.es\/en\/wp-json\/wp\/v2\/media?parent=39769"}],"wp:term":[{"taxonomy":"product_brand","embeddable":true,"href":"https:\/\/laencantada.es\/en\/wp-json\/wp\/v2\/product_brand?post=39769"},{"taxonomy":"product_cat","embeddable":true,"href":"https:\/\/laencantada.es\/en\/wp-json\/wp\/v2\/product_cat?post=39769"},{"taxonomy":"product_tag","embeddable":true,"href":"https:\/\/laencantada.es\/en\/wp-json\/wp\/v2\/product_tag?post=39769"}],"curies":[{"name":"wp","href":"https:\/\/api.w.org\/{rel}","templated":true}]}}