{"id":2982,"date":"2020-01-18T14:11:09","date_gmt":"2020-01-18T13:11:09","guid":{"rendered":"http:\/\/laencantada.es\/?post_type=product&#038;p=2982"},"modified":"2025-12-01T08:34:21","modified_gmt":"2025-12-01T07:34:21","slug":"aloe-vera-and-calendula-soap-for-sensitive-skins","status":"publish","type":"product","link":"https:\/\/laencantada.es\/en\/product\/aloe-vera-and-calendula-soap-for-sensitive-skins\/","title":{"rendered":"SENSITIVE SKINS\" Aloe Vera and Calendula Soap"},"content":{"rendered":"<p data-start=\"0\" data-end=\"50\"><strong data-start=\"4\" data-end=\"48\">Propiedades del Jab\u00f3n \u201cPIELES SENSIBLES\u201d<\/strong><\/p>\n<p class=\"\" data-start=\"51\" data-end=\"298\">\ud83c\udf3f <strong data-start=\"54\" data-end=\"73\">Efecto calmante<\/strong>: Alivia irritaciones y protege las pieles m\u00e1s delicadas.<br data-start=\"130\" data-end=\"133\" \/>\ud83c\udf3f <strong data-start=\"136\" data-end=\"168\">Antimicrobiano y bactericida<\/strong>: Ayuda a mantener tu piel limpia y saludable.<br data-start=\"214\" data-end=\"217\" \/>\ud83c\udf3f <strong data-start=\"220\" data-end=\"246\">Eliminaci\u00f3n de toxinas<\/strong>: Favorece una piel fresca, purificada y radiante.<\/p>\n<p data-start=\"300\" data-end=\"329\"><strong data-start=\"304\" data-end=\"327\">Indications for use<\/strong><\/p>\n<p class=\"\" data-start=\"330\" data-end=\"457\">\ud83d\udc76 <strong data-start=\"333\" data-end=\"375\">Perfecto para las pieles m\u00e1s delicadas<\/strong>: Ideal para el cuidado de los m\u00e1s peque\u00f1os y personas con sensibilidad cut\u00e1nea.<\/p>\n<p class=\"\" data-start=\"459\" data-end=\"500\">\ud83d\udca1 <strong data-start=\"462\" data-end=\"497\">Consejo para conservar tu jab\u00f3n<\/strong>:<\/p>\n<ul data-start=\"501\" data-end=\"668\">\n<li class=\"\" data-start=\"501\" data-end=\"591\">\n<p class=\"\" data-start=\"503\" data-end=\"591\">Store it in a wooden soap dish with a grid or in a dry place, protected from water.<\/p>\n<\/li>\n<li class=\"\" data-start=\"592\" data-end=\"668\">\n<p class=\"\" data-start=\"594\" data-end=\"668\">As\u00ed prolongar\u00e1s su duraci\u00f3n y mantendr\u00e1s todas sus propiedades intactas.<\/p>\n<\/li>\n<\/ul>\n<p class=\"\" data-start=\"670\" data-end=\"727\">\ud83c\udf1f <strong data-start=\"673\" data-end=\"722\">Cuida tu piel de manera natural y sostenible!<\/strong> \ud83d\udc9a<\/p>\n<p><strong>INGREDIENTS:<\/strong> Olea europaea fruit oil*, prunus amygdalus dulcis oil*, aqua, cocos nucifera oil*, aloe barbadensis leaf oil*, sodium hydroxide, citrus sinensis peel oil expressed*, limonene**, calendula officinalis flower extract*, tocopherol.<\/p>\n<p>*Organic ingredients<br \/>\n**Allergens contained in essential oils.<\/p>\n<p><strong>100% of the ingredients are natural and more than 71% are organic.<\/strong><\/p>\n<p><strong>|| Our products do not contain any chemical elements, preservatives, colorings, aromas or flavors that are not natural. Suitable for celiacs and vegans.<\/strong><\/p>","protected":false},"excerpt":{"rendered":"<p class=\"\" data-start=\"57\" data-end=\"419\">Cuidar las pieles sensibles nunca ha sido tan f\u00e1cil ni tan natural. Nuestro jab\u00f3n artesanal combina la suavidad de los aceites de coco y almendras dulces con el poder regenerador del aloe vera y la cal\u00e9ndula. Con cada uso, sentir\u00e1s c\u00f3mo tu piel se calma, hidrata y renueva, rodeada por un delicado aroma a naranjas dulces que te acompa\u00f1ar\u00e1 durante todo el d\u00eda.<\/p>\n<p class=\"\" data-start=\"421\" data-end=\"815\">\u2728 <strong data-start=\"423\" data-end=\"448\">Beneficios que amar\u00e1s<\/strong>:<\/p>\n<p class=\"\" data-start=\"421\" data-end=\"815\">\u2705 <strong data-start=\"454\" data-end=\"471\">Cuidado suave<\/strong>: Ideal para pieles delicadas, sensibles y la de los m\u00e1s peque\u00f1os.<br data-start=\"537\" data-end=\"540\" \/>\u2705 <strong data-start=\"542\" data-end=\"565\">Regenerador natural<\/strong>: La cal\u00e9ndula y el aloe alivian irritaciones y nutren profundamente.<br data-start=\"634\" data-end=\"637\" \/>\u2705 <strong data-start=\"639\" data-end=\"662\">Vers\u00e1til y efectivo<\/strong>: Perfecto para rostro, cuerpo, manos y como aliado en el afeitado.<br data-start=\"729\" data-end=\"732\" \/>\u2705 <strong data-start=\"734\" data-end=\"753\">Relaxing aroma<\/strong>: Disfruta del inconfundible frescor de las naranjas dulces.<\/p>\n<p class=\"\" data-start=\"817\" data-end=\"864\">\ud83c\udf3f <strong data-start=\"820\" data-end=\"861\">Ingredientes 100% naturales y veganos<\/strong>:<\/p>\n<ul data-start=\"865\" data-end=\"1106\">\n<li class=\"\" data-start=\"865\" data-end=\"925\">\n<p class=\"\" data-start=\"867\" data-end=\"925\">Aceite de coco y almendras dulces: Nutrici\u00f3n y suavidad.<\/p>\n<\/li>\n<li class=\"\" data-start=\"926\" data-end=\"989\">\n<p class=\"\" data-start=\"928\" data-end=\"989\">Oleato de cal\u00e9ndula: Propiedades calmantes y regeneradoras.<\/p>\n<\/li>\n<li class=\"\" data-start=\"990\" data-end=\"1034\">\n<p class=\"\" data-start=\"992\" data-end=\"1034\">Jugo de aloe vera: Hidrataci\u00f3n profunda.<\/p>\n<\/li>\n<li class=\"\" data-start=\"1035\" data-end=\"1106\">\n<p class=\"\" data-start=\"1037\" data-end=\"1106\">Aceite esencial de naranjas dulces: Fragancia fresca y estimulante.<\/p>\n<\/li>\n<\/ul>\n<p class=\"\" data-start=\"1108\" data-end=\"1234\">Elaborado con amor y respeto por la naturaleza, este jab\u00f3n es el complemento perfecto para tu rutina de cuidado personal. \ud83c\udf31<\/p>\n<p class=\"\" data-start=\"1236\" data-end=\"1315\">\u27a1\ufe0f <strong data-start=\"1239\" data-end=\"1310\">Deja que tu piel disfrute lo mejor de la naturaleza. \u00a1Pru\u00e9balo hoy!<\/strong> \ud83d\udc9a<\/p>\n<p data-start=\"1236\" data-end=\"1315\">\u2705\u00a0<strong>10% discount on your first order<br \/>\n<\/strong>\u2705\u00a0<strong>FREE SHIPPING on orders +39\u20ac.<\/strong><\/p>","protected":false},"featured_media":2983,"comment_status":"closed","ping_status":"closed","template":"","meta":{"om_disable_all_campaigns":false,"_monsterinsights_skip_tracking":false,"_monsterinsights_sitenote_active":false,"_monsterinsights_sitenote_note":"","_monsterinsights_sitenote_category":0,"_uf_show_specific_survey":0,"_uf_disable_surveys":false},"product_brand":[],"product_cat":[57],"product_tag":[],"class_list":{"0":"post-2982","1":"product","2":"type-product","3":"status-publish","4":"has-post-thumbnail","6":"product_cat-jabones","8":"first","9":"instock","10":"taxable","11":"shipping-taxable","12":"purchasable","13":"product-type-simple"},"_links":{"self":[{"href":"https:\/\/laencantada.es\/en\/wp-json\/wp\/v2\/product\/2982","targetHints":{"allow":["GET"]}}],"collection":[{"href":"https:\/\/laencantada.es\/en\/wp-json\/wp\/v2\/product"}],"about":[{"href":"https:\/\/laencantada.es\/en\/wp-json\/wp\/v2\/types\/product"}],"replies":[{"embeddable":true,"href":"https:\/\/laencantada.es\/en\/wp-json\/wp\/v2\/comments?post=2982"}],"wp:featuredmedia":[{"embeddable":true,"href":"https:\/\/laencantada.es\/en\/wp-json\/wp\/v2\/media\/2983"}],"wp:attachment":[{"href":"https:\/\/laencantada.es\/en\/wp-json\/wp\/v2\/media?parent=2982"}],"wp:term":[{"taxonomy":"product_brand","embeddable":true,"href":"https:\/\/laencantada.es\/en\/wp-json\/wp\/v2\/product_brand?post=2982"},{"taxonomy":"product_cat","embeddable":true,"href":"https:\/\/laencantada.es\/en\/wp-json\/wp\/v2\/product_cat?post=2982"},{"taxonomy":"product_tag","embeddable":true,"href":"https:\/\/laencantada.es\/en\/wp-json\/wp\/v2\/product_tag?post=2982"}],"curies":[{"name":"wp","href":"https:\/\/api.w.org\/{rel}","templated":true}]}}