{"id":2956,"date":"2020-01-18T13:44:13","date_gmt":"2020-01-18T12:44:13","guid":{"rendered":"http:\/\/laencantada.es\/?post_type=product&#038;p=2956"},"modified":"2025-12-01T08:34:38","modified_gmt":"2025-12-01T07:34:38","slug":"cocoa-aphrodisiac-soap","status":"publish","type":"product","link":"https:\/\/laencantada.es\/en\/product\/cocoa-aphrodisiac-soap\/","title":{"rendered":"Aphrodisiacal\" Cocoa Soap"},"content":{"rendered":"<p data-start=\"0\" data-end=\"54\">\ud83c\udf1f Propiedades del Jab\u00f3n Afrodis\u00edaco de Cacao \ud83c\udf1f<\/p>\n<p class=\"\" data-start=\"56\" data-end=\"416\">\u2714\ufe0f <strong data-start=\"59\" data-end=\"75\">Antioxidante<\/strong>: Ayuda a combatir los radicales libres, previniendo el envejecimiento prematuro de la piel.<br data-start=\"167\" data-end=\"170\" \/>\u2714\ufe0f <strong data-start=\"173\" data-end=\"202\">Estimulante y tonificante<\/strong>: Reactiva la circulaci\u00f3n y revitaliza tu piel, devolvi\u00e9ndole su elasticidad y luminosidad natural.<br data-start=\"301\" data-end=\"304\" \/>\u2714\ufe0f <strong data-start=\"307\" data-end=\"332\">Mejora la circulaci\u00f3n<\/strong>: Perfecto para un cuidado integral que potencia la salud y apariencia de tu piel.<\/p>\n<p data-start=\"418\" data-end=\"451\">\ud83d\udec1 <strong data-start=\"425\" data-end=\"449\">Indicaciones de uso:<\/strong><\/p>\n<p class=\"\" data-start=\"452\" data-end=\"779\">\u2714\ufe0f <strong data-start=\"455\" data-end=\"494\">Perfecto para un ba\u00f1o revitalizante<\/strong>: Rel\u00e1jate y recarga energ\u00eda mientras disfrutas de sus aromas afrodis\u00edacos, ideales para darte un mimo o prepararte para una ocasi\u00f3n especial.<br data-start=\"636\" data-end=\"639\" \/>\u2714\ufe0f <strong data-start=\"642\" data-end=\"672\">Est\u00edmulo para tus sentidos<\/strong>: Los aromas de canela y clavo te envuelven en una experiencia sensorial \u00fanica. \u00a1Excitante y energizante!<\/p>\n<p data-start=\"781\" data-end=\"818\">\ud83d\udca1 <strong data-start=\"788\" data-end=\"816\">Consejo para su cuidado:<\/strong><\/p>\n<p class=\"\" data-start=\"819\" data-end=\"867\">Para mantener tu jab\u00f3n en \u00f3ptimas condiciones:<\/p>\n<ul data-start=\"868\" data-end=\"1044\">\n<li class=\"\" data-start=\"868\" data-end=\"982\">\n<p class=\"\" data-start=\"870\" data-end=\"982\">Gu\u00e1rdalo en una jabonera de madera con rejilla o en un lugar seco y al resguardo del agua despu\u00e9s de cada uso.<\/p>\n<\/li>\n<li class=\"\" data-start=\"983\" data-end=\"1044\">\n<p class=\"\" data-start=\"985\" data-end=\"1044\">As\u00ed, conservar\u00e1s su textura y propiedades por m\u00e1s tiempo.<\/p>\n<\/li>\n<\/ul>\n<p class=\"\" data-start=\"1046\" data-end=\"1152\">\u2728 <strong data-start=\"1048\" data-end=\"1151\">Un jab\u00f3n pensado para cuidarte por dentro y por fuera. \ud83c\udf3f Tu piel y tus sentidos te lo agradecer\u00e1n!<\/strong><\/p>\n<p><strong>INGREDIENTS:<\/strong> Aqua, prunus amygdalus dulcis oil*, olea europaea fruit oil*,cocos nucifera oil*, sodium hydroxide, theobroma cacao extract*,cinnamomum zeylanicum bark oil*, eugenia caryophyllus leaf oil*, eugenol**, cinnamal**, linalool**.<\/p>\n<p>*Organic ingredients<br \/>\n**Allergens contained in essential oils.<\/p>\n<p><strong>100% of the ingredients are natural and more than 67% are organic.<\/strong><\/p>\n<p><strong>|| Our products do not contain any chemical elements, preservatives, colorings, aromas or flavors that are not natural. Suitable for celiacs and vegans.<\/strong><\/p>","protected":false},"excerpt":{"rendered":"<p data-start=\"38\" data-end=\"453\">\ud83d\udc96 <strong data-start=\"41\" data-end=\"88\">Transforma tu piel y despierta tus sentidos<\/strong> con el Jab\u00f3n Afrodis\u00edaco de Cacao de La Encantada. Dise\u00f1ado para ofrecerte una experiencia \u00fanica, este jab\u00f3n es perfecto para:<\/p>\n<p data-start=\"38\" data-end=\"453\">\u2705 <strong data-start=\"220\" data-end=\"270\">Disfrutar de un ba\u00f1o estimulante y tonificante<\/strong>, ideal para relajarte o prepararte para una ocasi\u00f3n especial.<br data-start=\"332\" data-end=\"335\" \/>\u2705 <strong data-start=\"337\" data-end=\"363\">Estimular tus sentidos<\/strong> gracias a sus exquisitos aromas de canela y clavo, \u00a1un toque afrodis\u00edaco que encantar\u00e1!<\/p>\n<p data-start=\"455\" data-end=\"490\">\ud83c\udf3f <strong data-start=\"462\" data-end=\"488\">Benefits highlighted:<\/strong><\/p>\n<p data-start=\"491\" data-end=\"892\">\u2705 <strong data-start=\"493\" data-end=\"517\">Deep hydration<\/strong>: El aceite de almendras dulces, rico en vitaminas, nutre tu piel y reduce la inflamaci\u00f3n, dejando una textura suave y lisa.<br data-start=\"641\" data-end=\"644\" \/>\u2705 <strong data-start=\"646\" data-end=\"672\">Espuma suave y cremosa<\/strong>: El aceite de coco potencia la limpieza, creando una espuma densa que deja una sensaci\u00f3n aterciopelada.<br data-start=\"776\" data-end=\"779\" \/>\u2705 <strong data-start=\"781\" data-end=\"798\">Piel radiante<\/strong>: El cacao, aplicado sobre la piel, mejora la elasticidad y proporciona un brillo inmediato.<\/p>\n<p data-start=\"894\" data-end=\"1023\">\u2728 <strong data-start=\"896\" data-end=\"921\">100% natural y vegano<\/strong>: Hecho con ingredientes de la m\u00e1s alta calidad, respetuosos con tu piel y con el medio ambiente. \ud83c\udf31<\/p>\n<p data-start=\"1115\" data-end=\"1190\">\ud83d\udc49 <strong data-start=\"1118\" data-end=\"1161\">Ideal para ti o como un regalo especial<\/strong>. \ud83d\udc9d \u00bfTe atreves a probarlo?<\/p>\n<p data-start=\"1115\" data-end=\"1190\">\u2705\u00a0<strong>10% discount on your first order<br \/>\n<\/strong>\u2705\u00a0<strong>FREE SHIPPING on orders +39\u20ac.<\/strong><\/p>","protected":false},"featured_media":2957,"comment_status":"closed","ping_status":"closed","template":"","meta":{"om_disable_all_campaigns":false,"_monsterinsights_skip_tracking":false,"_monsterinsights_sitenote_active":false,"_monsterinsights_sitenote_note":"","_monsterinsights_sitenote_category":0,"_uf_show_specific_survey":0,"_uf_disable_surveys":false},"product_brand":[],"product_cat":[57],"product_tag":[],"class_list":{"0":"post-2956","1":"product","2":"type-product","3":"status-publish","4":"has-post-thumbnail","6":"product_cat-jabones","8":"first","9":"instock","10":"taxable","11":"shipping-taxable","12":"purchasable","13":"product-type-simple"},"_links":{"self":[{"href":"https:\/\/laencantada.es\/en\/wp-json\/wp\/v2\/product\/2956","targetHints":{"allow":["GET"]}}],"collection":[{"href":"https:\/\/laencantada.es\/en\/wp-json\/wp\/v2\/product"}],"about":[{"href":"https:\/\/laencantada.es\/en\/wp-json\/wp\/v2\/types\/product"}],"replies":[{"embeddable":true,"href":"https:\/\/laencantada.es\/en\/wp-json\/wp\/v2\/comments?post=2956"}],"wp:featuredmedia":[{"embeddable":true,"href":"https:\/\/laencantada.es\/en\/wp-json\/wp\/v2\/media\/2957"}],"wp:attachment":[{"href":"https:\/\/laencantada.es\/en\/wp-json\/wp\/v2\/media?parent=2956"}],"wp:term":[{"taxonomy":"product_brand","embeddable":true,"href":"https:\/\/laencantada.es\/en\/wp-json\/wp\/v2\/product_brand?post=2956"},{"taxonomy":"product_cat","embeddable":true,"href":"https:\/\/laencantada.es\/en\/wp-json\/wp\/v2\/product_cat?post=2956"},{"taxonomy":"product_tag","embeddable":true,"href":"https:\/\/laencantada.es\/en\/wp-json\/wp\/v2\/product_tag?post=2956"}],"curies":[{"name":"wp","href":"https:\/\/api.w.org\/{rel}","templated":true}]}}