{"id":2948,"date":"2020-01-18T13:37:50","date_gmt":"2020-01-18T12:37:50","guid":{"rendered":"http:\/\/laencantada.es\/?post_type=product&#038;p=2948"},"modified":"2025-12-01T08:34:46","modified_gmt":"2025-12-01T07:34:46","slug":"rosehip-facial-soap","status":"publish","type":"product","link":"https:\/\/laencantada.es\/en\/product\/rosehip-facial-soap\/","title":{"rendered":"Rose Hip \"FACIAL\" Soap"},"content":{"rendered":"<p data-start=\"64\" data-end=\"90\">\ud83c\udf1f <strong data-start=\"72\" data-end=\"87\">Properties<\/strong>:<\/p>\n<p class=\"\" data-start=\"91\" data-end=\"440\">\u2714\ufe0f Hidratante: Restaura y mantiene la humedad natural de la piel.<br data-start=\"156\" data-end=\"159\" \/>\u2714\ufe0f Antioxidante: Combate los efectos de los radicales libres y previene el envejecimiento prematuro.<br data-start=\"259\" data-end=\"262\" \/>\u2714\ufe0f Cicatrizante: Favorece la regeneraci\u00f3n celular para una piel uniforme y saludable.<br data-start=\"347\" data-end=\"350\" \/>\u2714\ufe0f Nutriente: Aporta vitaminas y nutrientes esenciales para una piel radiante y cuidada.<\/p>\n<p data-start=\"442\" data-end=\"469\">\ud83c\udf1f <strong data-start=\"450\" data-end=\"466\">Indications<\/strong>:<\/p>\n<p class=\"\" data-start=\"470\" data-end=\"675\">\u2714\ufe0f Perfecto para el cuidado facial de pieles maduras, castigadas o con tendencia a la resequedad.<br data-start=\"567\" data-end=\"570\" \/>\u2714\ufe0f Tambi\u00e9n ideal para hidratar y nutrir manos y cuerpo, ofreciendo una experiencia de cuidado completo.<\/p>\n<p data-start=\"677\" data-end=\"715\">\ud83c\udf1f <strong data-start=\"685\" data-end=\"712\">Consejo de conservaci\u00f3n<\/strong>:<\/p>\n<p class=\"\" data-start=\"716\" data-end=\"903\">Para alargar la vida \u00fatil de tu jab\u00f3n, gu\u00e1rdalo en una jabonera de madera con rejilla o en un lugar seco, protegido del agua. As\u00ed mantendr\u00e1s sus propiedades intactas por m\u00e1s tiempo. \ud83e\uddfc\u2728<\/p>\n<p class=\"\" data-start=\"905\" data-end=\"1030\"><strong data-start=\"905\" data-end=\"1025\">Incluye este peque\u00f1o tesoro en tu rutina diaria y transforma el cuidado de tu piel en un momento \u00fanico de bienestar.<\/strong> \u2764\ufe0f<\/p>\n<p><strong>INGREDIENTS:<\/strong> Aqua, olea europaea fruit oil*, prunus amygdalus dulcis oil*, cocos nucifera oil*, sodium hydroxide, theobroma cacao seed butter*, rosa canina seed oil*, pelargonium graveolens flower oil*, rosa damascena flower, citronellol**, geraniol**, linalool**, citral**, limonene**.<\/p>\n<p>*Organic ingredients<br \/>\n**Allergens contained in essential oils.<\/p>\n<p><strong>100% of the ingredients are natural and more than 66% are organic.<\/strong><\/p>\n<p><strong>|| Our products do not contain any chemical elements, preservatives, colorings, aromas or flavors that are not natural. Suitable for celiacs and vegans.<\/strong><\/p>","protected":false},"excerpt":{"rendered":"<p data-start=\"41\" data-end=\"276\">El Jab\u00f3n Facial de Rosa Mosqueta de La Encantada es tu aliado perfecto para una piel limpia, suave y radiante. Dise\u00f1ado incluso para las pieles m\u00e1s sensibles, este jab\u00f3n combina lo mejor de la naturaleza para el cuidado de tu rostro.<\/p>\n<p data-start=\"278\" data-end=\"310\"><strong>\ud83c\udf1f Beneficios destacados:<\/strong><\/p>\n<p data-start=\"311\" data-end=\"970\">\u2705 <strong data-start=\"313\" data-end=\"342\">Limpieza profunda y suave<\/strong>: Gracias al aceite de coco, que genera una espuma cremosa dejando la piel fresca y purificada. \ud83e\udee7<br data-start=\"440\" data-end=\"443\" \/>\u2705 <strong data-start=\"445\" data-end=\"473\">Regenera y nutre tu piel<\/strong>: El aceite de Rosa Mosqueta es un poderoso regenerador que combate arrugas y promueve la elasticidad natural de tu piel.<br data-start=\"594\" data-end=\"597\" \/>\u2705 <strong data-start=\"599\" data-end=\"622\">Hidrataci\u00f3n intensa<\/strong>: La Manteca de Cacao act\u00faa como un antioxidante natural y un humectante de larga duraci\u00f3n.<br data-start=\"713\" data-end=\"716\" \/>\u2705 <strong data-start=\"718\" data-end=\"750\">Toque delicado de naturaleza<\/strong>: Los p\u00e9talos de rosa ofrecen una experiencia sensorial \u00fanica, acariciando tu piel con suavidad. \ud83c\udf38<br data-start=\"849\" data-end=\"852\" \/>\u2705 <strong data-start=\"854\" data-end=\"879\">100% natural y vegano<\/strong>: Sin qu\u00edmicos, solo ingredientes puros y respetuosos con tu piel y el medio ambiente. \ud83c\udf0d<\/p>\n<p data-start=\"972\" data-end=\"992\"><strong>\u2728 Ideal para:<\/strong><\/p>\n<p data-start=\"993\" data-end=\"1153\">\ud83d\udd38 Personas con piel sensible o que buscan productos libres de ingredientes agresivos.<br data-start=\"1078\" data-end=\"1081\" \/>\ud83d\udd38 Un ritual de cuidado facial diario que combine limpieza y nutrici\u00f3n.<\/p>\n<p data-start=\"1155\" data-end=\"1261\"><strong data-start=\"1155\" data-end=\"1256\">Transforma tu rutina diaria en un momento de conexi\u00f3n con la naturaleza. \u00a1Cuida tu piel con amor!<\/strong> \u2764\ufe0f<\/p>\n<p data-start=\"1155\" data-end=\"1261\">\u2705\u00a0<strong>10% discount on your first order<br \/>\n<\/strong>\u2705\u00a0<strong>FREE SHIPPING on orders +39\u20ac.<\/strong><\/p>","protected":false},"featured_media":3434,"comment_status":"closed","ping_status":"closed","template":"","meta":{"om_disable_all_campaigns":false,"_monsterinsights_skip_tracking":false,"_monsterinsights_sitenote_active":false,"_monsterinsights_sitenote_note":"","_monsterinsights_sitenote_category":0,"_uf_show_specific_survey":0,"_uf_disable_surveys":false},"product_brand":[],"product_cat":[57],"product_tag":[],"class_list":{"0":"post-2948","1":"product","2":"type-product","3":"status-publish","4":"has-post-thumbnail","6":"product_cat-jabones","8":"first","9":"instock","10":"taxable","11":"shipping-taxable","12":"purchasable","13":"product-type-simple"},"_links":{"self":[{"href":"https:\/\/laencantada.es\/en\/wp-json\/wp\/v2\/product\/2948","targetHints":{"allow":["GET"]}}],"collection":[{"href":"https:\/\/laencantada.es\/en\/wp-json\/wp\/v2\/product"}],"about":[{"href":"https:\/\/laencantada.es\/en\/wp-json\/wp\/v2\/types\/product"}],"replies":[{"embeddable":true,"href":"https:\/\/laencantada.es\/en\/wp-json\/wp\/v2\/comments?post=2948"}],"wp:featuredmedia":[{"embeddable":true,"href":"https:\/\/laencantada.es\/en\/wp-json\/wp\/v2\/media\/3434"}],"wp:attachment":[{"href":"https:\/\/laencantada.es\/en\/wp-json\/wp\/v2\/media?parent=2948"}],"wp:term":[{"taxonomy":"product_brand","embeddable":true,"href":"https:\/\/laencantada.es\/en\/wp-json\/wp\/v2\/product_brand?post=2948"},{"taxonomy":"product_cat","embeddable":true,"href":"https:\/\/laencantada.es\/en\/wp-json\/wp\/v2\/product_cat?post=2948"},{"taxonomy":"product_tag","embeddable":true,"href":"https:\/\/laencantada.es\/en\/wp-json\/wp\/v2\/product_tag?post=2948"}],"curies":[{"name":"wp","href":"https:\/\/api.w.org\/{rel}","templated":true}]}}