{"id":1283,"date":"2019-10-28T16:59:55","date_gmt":"2019-10-28T15:59:55","guid":{"rendered":"http:\/\/laencantada.es\/?post_type=product&#038;p=1283"},"modified":"2025-12-01T08:35:21","modified_gmt":"2025-12-01T07:35:21","slug":"calendula-ointment","status":"publish","type":"product","link":"https:\/\/laencantada.es\/en\/product\/calendula-ointment\/","title":{"rendered":"Calendula Ointment"},"content":{"rendered":"<p class=\"\" data-start=\"0\" data-end=\"208\"><strong data-start=\"0\" data-end=\"15\">PROPERTIES<\/strong>: \ud83c\udf3f Nutre, protege y repara las pieles m\u00e1s delicadas, ofreciendo un cuidado natural que restaura la suavidad y salud de la piel. Ideal para las pieles m\u00e1s sensibles, como la de los beb\u00e9s. \ud83d\udc96<\/p>\n<p class=\"\" data-start=\"210\" data-end=\"375\"><strong data-start=\"210\" data-end=\"226\">INDICATIONS<\/strong>:<br data-start=\"227\" data-end=\"230\" \/>Este ung\u00fcento es adecuado para <strong data-start=\"261\" data-end=\"284\">todo tipo de pieles<\/strong>, especialmente para las m\u00e1s <strong data-start=\"313\" data-end=\"326\">sensibles<\/strong> y <strong data-start=\"329\" data-end=\"342\">delicadas<\/strong>, como la piel de los beb\u00e9s. \ud83d\udc76<\/p>\n<ul data-start=\"376\" data-end=\"692\">\n<li class=\"\" data-start=\"376\" data-end=\"396\">\n<p class=\"\" data-start=\"378\" data-end=\"396\"><strong data-start=\"378\" data-end=\"393\">Uso externo<\/strong>.<\/p>\n<\/li>\n<li class=\"\" data-start=\"397\" data-end=\"441\">\n<p class=\"\" data-start=\"399\" data-end=\"441\"><strong data-start=\"399\" data-end=\"438\">Conservar en un lugar fresco y seco<\/strong>.<\/p>\n<\/li>\n<li class=\"\" data-start=\"442\" data-end=\"517\">\n<p class=\"\" data-start=\"444\" data-end=\"517\">Evitar la exposici\u00f3n al sol inmediatamente despu\u00e9s de su aplicaci\u00f3n. \ud83c\udf1e<\/p>\n<\/li>\n<li class=\"\" data-start=\"518\" data-end=\"692\">\n<p class=\"\" data-start=\"520\" data-end=\"692\">En climas c\u00e1lidos, como en verano, los ung\u00fcentos pueden volverse m\u00e1s l\u00edquidos. Por eso, te recomendamos guardarlos en lugares frescos para asegurar su mejor conservaci\u00f3n.<\/p>\n<\/li>\n<\/ul>\n<p class=\"\" data-start=\"694\" data-end=\"901\"><strong data-start=\"694\" data-end=\"711\">HOW DO I USE IT?<\/strong><br data-start=\"711\" data-end=\"714\" \/>Aplica una capa fina de ung\u00fcento en la <strong data-start=\"753\" data-end=\"761\">face<\/strong> y\/o <strong data-start=\"766\" data-end=\"776\">body<\/strong> y masajea suavemente. No te expongas al sol inmediatamente despu\u00e9s de su aplicaci\u00f3n para evitar reacciones no deseadas. \ud83c\udf1e\ud83d\udca7<\/p>\n<p class=\"\" data-start=\"903\" data-end=\"953\"><strong data-start=\"903\" data-end=\"950\">PROPERTIES OF THE MAIN INGREDIENTS<\/strong>:<\/p>\n<p class=\"\" data-start=\"955\" data-end=\"1386\">\ud83d\udc9b <strong data-start=\"958\" data-end=\"981\">Calendula Oleate<\/strong>:<br data-start=\"982\" data-end=\"985\" \/>Las flores de cal\u00e9ndula de nuestro <strong data-start=\"1020\" data-end=\"1045\">cultivo agroecol\u00f3gico<\/strong> se maceran en <strong data-start=\"1060\" data-end=\"1094\">aceite de almendras dulces BIO<\/strong> de primera prensada en fr\u00edo durante al menos 40 d\u00edas, extrayendo todas sus propiedades regenerantes y calmantes. Este poderoso aceite tiene la capacidad de <strong data-start=\"1251\" data-end=\"1261\">nutrir<\/strong> y <strong data-start=\"1264\" data-end=\"1276\">protect<\/strong> las pieles m\u00e1s sensibles, brindando alivio y suavidad, especialmente en la delicada piel de los ni\u00f1os.<\/p>\n<p class=\"\" data-start=\"1388\" data-end=\"1692\">\ud83c\udf1f <strong data-start=\"1391\" data-end=\"1415\">Organic Jojoba Oil<\/strong>:<br data-start=\"1416\" data-end=\"1419\" \/>Con propiedades <strong data-start=\"1435\" data-end=\"1449\">emollients<\/strong>, <strong data-start=\"1451\" data-end=\"1466\">moisturizers<\/strong>, <strong data-start=\"1468\" data-end=\"1485\">antioxidants<\/strong> y <strong data-start=\"1488\" data-end=\"1501\">painkillers<\/strong>, este aceite de <strong data-start=\"1518\" data-end=\"1546\">primera prensada en fr\u00edo<\/strong> deja tu piel <strong data-start=\"1560\" data-end=\"1569\" data-is-only-node=\"\">suave<\/strong>, <strong data-start=\"1571\" data-end=\"1580\">terza<\/strong> e <strong data-start=\"1583\" data-end=\"1596\">hidratada<\/strong>. Su acci\u00f3n regeneradora es perfecta para mantener la barrera cut\u00e1nea intacta y saludable.<\/p>\n<p class=\"\" data-start=\"1694\" data-end=\"2005\">\ud83c\udf38 <strong data-start=\"1697\" data-end=\"1730\">Aceite Esencial de Petitgrain<\/strong>:<br data-start=\"1731\" data-end=\"1734\" \/>Este aceite esencial aporta un <strong data-start=\"1765\" data-end=\"1788\">aroma floral fresco<\/strong> y es conocido por sus beneficios sobre la <strong data-start=\"1831\" data-end=\"1855\">regeneraci\u00f3n celular<\/strong>. Adem\u00e1s, es adecuado para <strong data-start=\"1882\" data-end=\"1903\">todo tipo de piel<\/strong>, incluyendo la piel <strong data-start=\"1924\" data-end=\"1934\">normal<\/strong> o <strong data-start=\"1937\" data-end=\"1946\">mixta<\/strong>, ayudando a mantener la piel equilibrada y nutrida.<\/p>\n<p class=\"\" data-start=\"2007\" data-end=\"2148\"><strong data-start=\"2007\" data-end=\"2057\">La calidez de la naturaleza en cada aplicaci\u00f3n<\/strong>. \u00a1Dale a tu piel el cari\u00f1o que se merece con el Ung\u00fcento de Cal\u00e9ndula de La Encantada! \ud83c\udf3f\u2728<\/p>\n<p><strong>INGREDIENTS:<\/strong>\u00a0<i>Prunus amygdalus dulcis dulcis oil*, cera alba*, calendula officinalis flower extract*, citrus aurantium amara leaf\/twiig oil*, simmondsia chinensis seed oil*, tocopherol, helianthus annuus seed oil, linalool**, geraniol**, Limonene**.<\/i><\/p>\n<p>* Organic ingredient<br \/>\n** Allergen of the essential oil<br \/>\n<strong><br \/>\n100% of the ingredients are natural and more than 99.5% are organic.<\/strong><\/p>\n<p><strong>|| Our products do not contain any chemical elements, preservatives, colorings, aromas or flavors that are not natural. Suitable for celiacs ||<\/strong><\/p>","protected":false},"excerpt":{"rendered":"<p class=\"\" data-start=\"0\" data-end=\"250\">\ud83c\udf38 <strong data-start=\"46\" data-end=\"91\">Descubre el poder natural de la cal\u00e9ndula<\/strong> para cuidar tu piel con nuestro Ung\u00fcento de Cal\u00e9ndula, el aliado perfecto para toda la familia, incluso para las pieles m\u00e1s delicadas, como la de los beb\u00e9s.<\/p>\n<p class=\"\" data-start=\"252\" data-end=\"568\">La cal\u00e9ndula, conocida como &#8220;Maravilla&#8221;, es una flor excepcionalmente <strong data-start=\"322\" data-end=\"337\">regenerante<\/strong> y <strong data-start=\"340\" data-end=\"352\">calmante<\/strong>. Este ung\u00fcento es ideal para tratar pieles sensibles, aliviar picores y cicatrizar de forma natural. Gracias a sus propiedades <strong data-start=\"480\" data-end=\"495\">moisturizers<\/strong> y <strong data-start=\"498\" data-end=\"513\">protectores<\/strong>, tu piel se ver\u00e1 m\u00e1s nutrida, suave y saludable. \ud83c\udf31\u2728<\/p>\n<p class=\"\" data-start=\"570\" data-end=\"742\">Este ung\u00fcento est\u00e1 formulado especialmente para respetar la delicadeza de la piel de tus hijos y beb\u00e9s, ofreciendo una protecci\u00f3n natural sin qu\u00edmicos ni irritantes. \ud83d\udc76\ud83d\udc96<\/p>\n<p class=\"\" data-start=\"744\" data-end=\"786\"><strong data-start=\"744\" data-end=\"784\">Beneficios del Ung\u00fcento de Cal\u00e9ndula<\/strong><\/p>\n<ul data-start=\"787\" data-end=\"1141\">\n<li class=\"\" data-start=\"787\" data-end=\"870\">\n<p class=\"\" data-start=\"789\" data-end=\"870\">\ud83c\udf3f <strong data-start=\"792\" data-end=\"822\">Cicatrizante y regenerante<\/strong>: Ayuda a acelerar la recuperaci\u00f3n de la piel.<\/p>\n<\/li>\n<li class=\"\" data-start=\"871\" data-end=\"958\">\n<p class=\"\" data-start=\"873\" data-end=\"958\">\ud83c\udf38 <strong data-start=\"876\" data-end=\"911\">Calmante para picores y rojeces<\/strong>: Perfecto para pieles sensibles o irritadas.<\/p>\n<\/li>\n<li class=\"\" data-start=\"959\" data-end=\"1054\">\n<p class=\"\" data-start=\"961\" data-end=\"1054\">\ud83d\udca7 <strong data-start=\"964\" data-end=\"992\">Hidrataci\u00f3n y protecci\u00f3n<\/strong>: Mantiene tu piel suave, hidratada y protegida todo el d\u00eda.<\/p>\n<\/li>\n<li class=\"\" data-start=\"1055\" data-end=\"1141\">\n<p class=\"\" data-start=\"1057\" data-end=\"1141\">\ud83d\udc76 <strong data-start=\"1060\" data-end=\"1099\">Ideal para beb\u00e9s y pieles sensibles<\/strong>: Suavidad y cuidado sin preocupaciones.<\/p>\n<\/li>\n<\/ul>\n<p class=\"\" data-start=\"1143\" data-end=\"1351\">Elaborado con <strong data-start=\"1157\" data-end=\"1204\">ingredientes 100% ecol\u00f3gicos y certificados<\/strong>, nuestro Ung\u00fcento de Cal\u00e9ndula de La Encantada es el toque natural que tu piel necesita para sentirse renovada y cuidada de forma profunda. \ud83c\udf0d\ud83d\udc9a<\/p>\n<p class=\"\" data-start=\"1353\" data-end=\"1495\">\u00a1El poder de la naturaleza en tus manos! Ideal para tu piel, la de tus hijos y para cualquier momento que tu piel necesite cari\u00f1o extra. \ud83c\udf38\u2728<\/p>\n<p>C.P.N.P.: 3819200<\/p>\n<p>\u2705\u00a0<strong>10% discount on your first order<br \/>\n<\/strong>\u2705\u00a0<strong>FREE SHIPPING on orders +39\u20ac.<\/strong><\/p>","protected":false},"featured_media":38406,"comment_status":"closed","ping_status":"closed","template":"","meta":{"om_disable_all_campaigns":false,"_monsterinsights_skip_tracking":false,"_monsterinsights_sitenote_active":false,"_monsterinsights_sitenote_note":"","_monsterinsights_sitenote_category":0,"_uf_show_specific_survey":0,"_uf_disable_surveys":false},"product_brand":[],"product_cat":[122,33],"product_tag":[],"class_list":{"0":"post-1283","1":"product","2":"type-product","3":"status-publish","4":"has-post-thumbnail","6":"product_cat-pocimasflorales","7":"product_cat-unguentos","9":"first","10":"instock","11":"taxable","12":"shipping-taxable","13":"purchasable","14":"product-type-variable"},"_links":{"self":[{"href":"https:\/\/laencantada.es\/en\/wp-json\/wp\/v2\/product\/1283","targetHints":{"allow":["GET"]}}],"collection":[{"href":"https:\/\/laencantada.es\/en\/wp-json\/wp\/v2\/product"}],"about":[{"href":"https:\/\/laencantada.es\/en\/wp-json\/wp\/v2\/types\/product"}],"replies":[{"embeddable":true,"href":"https:\/\/laencantada.es\/en\/wp-json\/wp\/v2\/comments?post=1283"}],"wp:featuredmedia":[{"embeddable":true,"href":"https:\/\/laencantada.es\/en\/wp-json\/wp\/v2\/media\/38406"}],"wp:attachment":[{"href":"https:\/\/laencantada.es\/en\/wp-json\/wp\/v2\/media?parent=1283"}],"wp:term":[{"taxonomy":"product_brand","embeddable":true,"href":"https:\/\/laencantada.es\/en\/wp-json\/wp\/v2\/product_brand?post=1283"},{"taxonomy":"product_cat","embeddable":true,"href":"https:\/\/laencantada.es\/en\/wp-json\/wp\/v2\/product_cat?post=1283"},{"taxonomy":"product_tag","embeddable":true,"href":"https:\/\/laencantada.es\/en\/wp-json\/wp\/v2\/product_tag?post=1283"}],"curies":[{"name":"wp","href":"https:\/\/api.w.org\/{rel}","templated":true}]}}