{"id":1275,"date":"2019-10-28T16:53:07","date_gmt":"2019-10-28T15:53:07","guid":{"rendered":"http:\/\/laencantada.es\/?post_type=product&#038;p=1275"},"modified":"2025-12-01T08:35:27","modified_gmt":"2025-12-01T07:35:27","slug":"sage-toothpaste-2","status":"publish","type":"product","link":"https:\/\/laencantada.es\/en\/product\/sage-toothpaste-2\/","title":{"rendered":"Sage Toothpaste"},"content":{"rendered":"<p data-start=\"147\" data-end=\"201\"><strong data-start=\"151\" data-end=\"199\"><span style=\"color: #000000; font-family: 'Apple Color Emoji', 'Segoe UI Emoji', 'Noto Color Emoji', 'Android Emoji', 'EmojiOne Mozilla', 'Twemoji Mozilla', 'Noto Emoji', 'Segoe UI Symbol', EmojiSymbols, emoji; font-size: 22px; text-align: center;\">\ud83d\udee1\ufe0f <\/span>Propiedades que Cuidan y Protegen Tu Sonrisa<\/strong><\/p>\n<p class=\"\" data-start=\"203\" data-end=\"471\"><strong data-start=\"203\" data-end=\"225\">\u00bfEnc\u00edas delicadas?<\/strong> Nuestra Pasta Dent\u00edfrica de Salvia est\u00e1 dise\u00f1ada para proteger y reforzar tus enc\u00edas, gracias a las propiedades \u00fanicas de sus aceites esenciales de salvia, an\u00eds y lim\u00f3n. Disfrutar\u00e1s de un frescor duradero y una sonrisa saludable, naturalmente.<\/p>\n<p data-start=\"478\" data-end=\"514\"><strong data-start=\"482\" data-end=\"512\">Ideal para Toda la Familia<\/strong><\/p>\n<p class=\"\" data-start=\"516\" data-end=\"834\">\ud83c\udf1f <strong data-start=\"519\" data-end=\"570\">Indicado para tratamientos homeop\u00e1ticos y ni\u00f1os<\/strong><br data-start=\"570\" data-end=\"573\" \/>Sin menta en su f\u00f3rmula, es perfecta para quienes siguen tratamientos homeop\u00e1ticos o buscan una opci\u00f3n m\u00e1s suave y natural para los m\u00e1s peque\u00f1os. Su agradable sabor con un toque dulce la hace ideal para introducir buenos h\u00e1bitos de higiene bucal en los ni\u00f1os.<\/p>\n<p class=\"\" data-start=\"836\" data-end=\"937\">\ud83d\udca1 <strong data-start=\"839\" data-end=\"850\">Council<\/strong>: Utiliza despu\u00e9s de cada comida, enjuaga bien, y conserva en un lugar fresco y seco.<\/p>\n<p data-start=\"944\" data-end=\"990\"><strong data-start=\"948\" data-end=\"988\">Un Poder Natural en Cada Ingrediente<\/strong><\/p>\n<p class=\"\" data-start=\"992\" data-end=\"1166\">\ud83c\udf3f <strong data-start=\"995\" data-end=\"1013\">Coconut Glucoside<\/strong><br data-start=\"1013\" data-end=\"1016\" \/>Un tensoactivo de origen vegetal, biodegradable y respetuoso con el medio ambiente, que limpia eficazmente mientras aporta una suave espuma natural.<\/p>\n<p class=\"\" data-start=\"1168\" data-end=\"1354\">\ud83e\uddb7 <strong data-start=\"1171\" data-end=\"1233\">White Clay, Calcium Carbonate and Sodium Bicarbonate<\/strong><br data-start=\"1233\" data-end=\"1236\" \/>Abrasivos naturales que eliminan la placa y el sarro sin da\u00f1ar el esmalte, dejando tus dientes limpios y protegidos.<\/p>\n<p class=\"\" data-start=\"1356\" data-end=\"1540\">\ud83c\udf3c <strong data-start=\"1359\" data-end=\"1383\">Tintura de Equin\u00e1cea<\/strong><br data-start=\"1383\" data-end=\"1386\" \/>Cultivada en nuestros jardines agroecol\u00f3gicos, esta poderosa ra\u00edz combate infecciones bucales, ayuda a cicatrizar heridas y fortalece el sistema inmune.<\/p>\n<p class=\"\" data-start=\"1542\" data-end=\"1682\">\ud83c\udf43 <strong data-start=\"1545\" data-end=\"1584\">Aceites Esenciales de An\u00eds e Hinojo<\/strong><br data-start=\"1584\" data-end=\"1587\" \/>Antis\u00e9pticos naturales que previenen la formaci\u00f3n de sarro y mantienen tus enc\u00edas saludables.<\/p>\n<p class=\"\" data-start=\"1684\" data-end=\"1816\">\ud83c\udf4b <strong data-start=\"1687\" data-end=\"1715\">Aceite Esencial de Lim\u00f3n<\/strong><br data-start=\"1715\" data-end=\"1718\" \/>Extra\u00eddo de limones verdes agroecol\u00f3gicos, aporta una frescura vibrante y una limpieza profunda.<\/p>\n<p><strong data-start=\"1827\" data-end=\"1842\">How to use it<\/strong><\/p>\n<ol data-start=\"1845\" data-end=\"2018\">\n<li class=\"\" data-start=\"1845\" data-end=\"1924\">\n<p class=\"\" data-start=\"1848\" data-end=\"1924\">Cep\u00edllate despu\u00e9s de cada comida para mantener tus enc\u00edas fuertes y sanas.<\/p>\n<\/li>\n<li class=\"\" data-start=\"1925\" data-end=\"1955\">\n<p class=\"\" data-start=\"1928\" data-end=\"1955\">Enjuaga bien tras el uso.<\/p>\n<\/li>\n<li class=\"\" data-start=\"1956\" data-end=\"2018\">\n<p class=\"\" data-start=\"1959\" data-end=\"2018\">Disfruta de una boca fresca y revitalizada, naturalmente.<\/p>\n<\/li>\n<\/ol>\n<p class=\"\" data-start=\"2020\" data-end=\"2192\">\ud83c\udf0d <strong data-start=\"2023\" data-end=\"2065\">Comprometidos con el Planeta y Contigo<\/strong><br data-start=\"2065\" data-end=\"2068\" \/>Nuestra Pasta Dent\u00edfrica combina ingredientes 100% ecol\u00f3gicos y naturales, para cuidar de tu sonrisa y del medio ambiente.<\/p>\n<p class=\"\" data-start=\"2194\" data-end=\"2313\">\ud83d\udc9a <strong data-start=\"2197\" data-end=\"2311\">Haz de tu rutina diaria un acto de amor por ti y por el planeta. Pru\u00e9bala ahora y transforma tu cuidado bucal!<\/strong><\/p>\n<p><strong>INGREDIENTS: <\/strong><i>Salvia sclarea flower\/leaf stem water*, kaolin, calcium carbonate, glycerin, sodium bicarbonate, decyl glucoside, xanthan gum, aqua, alcohol*, illicium verum fruit oil*, citrus limon peel oil*, salvia sclarea oil*, foeniculum vulgare dulce fruit oil*, linalool**, limonene**, echinacea purpurea root extract*, benzyl alcohol, dehydroacetic acid, sorbic acid, benzoic acid.<\/i><\/p>\n<p>* Organic ingredient<br \/>\n** Allergen of the essential oil<br \/>\n<strong>100% of the ingredients are natural and more than 44% are organic.<\/strong><\/p>\n<p><strong>|| Our products do not contain any chemical elements, preservatives, colorings, aromas or flavorings that are not natural. Suitable for celiacs\u00a0<\/strong><strong style=\"font-size: 1.25rem;\">and vegans<\/strong><strong style=\"font-size: 1.25rem;\">\u00a0||<\/strong><\/p>","protected":false},"excerpt":{"rendered":"<p data-start=\"141\" data-end=\"223\"><strong data-start=\"145\" data-end=\"221\"><span style=\"color: #000000; font-family: 'Apple Color Emoji', 'Segoe UI Emoji', 'Noto Color Emoji', 'Android Emoji', 'EmojiOne Mozilla', 'Twemoji Mozilla', 'Noto Emoji', 'Segoe UI Symbol', EmojiSymbols, emoji; font-size: 22px; text-align: center;\">\ud83c\udf40 <\/span>Cuidado Natural y Artesanal para Tu Sonrisa<\/strong><\/p>\n<p class=\"\" data-start=\"225\" data-end=\"465\">Descubre una experiencia \u00fanica de cuidado bucal con nuestra <strong data-start=\"285\" data-end=\"315\">Sage Toothpaste<\/strong>, elaborada con ingredientes 100% naturales y ecol\u00f3gicos que respetan las funciones naturales de tu boca mientras cuidan de ti y del medio ambiente.<\/p>\n<p class=\"\" data-start=\"467\" data-end=\"765\">\ud83c\udf3f <strong data-start=\"470\" data-end=\"500\">Poder Natural de la Salvia<\/strong><br data-start=\"500\" data-end=\"503\" \/>Conocida por sus propiedades curativas, la salvia es tu aliada para aliviar enc\u00edas inflamadas o sangrantes. Nuestro hidrolato de salvia BIO se produce artesanalmente, utilizando plantas cultivadas y recolectadas manualmente en nuestros jardines agroecol\u00f3gicos.<\/p>\n<p class=\"\" data-start=\"767\" data-end=\"1084\">\u2728 <strong data-start=\"769\" data-end=\"802\">F\u00f3rmula Potente y Equilibrada<\/strong><br data-start=\"802\" data-end=\"805\" \/>Combinamos salvia con equin\u00e1cea, otra joya de nuestros jardines, para fortalecer tus enc\u00edas y reforzar tu salud bucal de forma natural. Junto a aceites esenciales BIO, esta mezcla no solo cuida tu boca, sino que tambi\u00e9n te envuelve en un aroma y sabor frescos y reconfortantes.<\/p>\n<p class=\"\" data-start=\"1086\" data-end=\"1350\">\ud83c\udf31 <strong data-start=\"1089\" data-end=\"1119\">100% Ecol\u00f3gica y Artesanal<\/strong><br data-start=\"1119\" data-end=\"1122\" \/>Cada tubo de nuestra Pasta Dent\u00edfrica refleja nuestro compromiso con la calidad y la sostenibilidad. Solo utilizamos materias primas ecol\u00f3gicas y certificadas, cuidadosamente seleccionadas para darte lo mejor de la naturaleza.<\/p>\n<p class=\"\" data-start=\"1352\" data-end=\"1383\">\u2714 <strong data-start=\"1354\" data-end=\"1380\">Beneficios que Notar\u00e1s<\/strong>:<\/p>\n<ul data-start=\"1384\" data-end=\"1515\">\n<li class=\"\" data-start=\"1384\" data-end=\"1420\">\n<p class=\"\" data-start=\"1386\" data-end=\"1420\">Enc\u00edas m\u00e1s fuertes y saludables.<\/p>\n<\/li>\n<li class=\"\" data-start=\"1421\" data-end=\"1471\">\n<p class=\"\" data-start=\"1423\" data-end=\"1471\">Protecci\u00f3n natural y equilibrada para tu boca.<\/p>\n<\/li>\n<li class=\"\" data-start=\"1472\" data-end=\"1515\">\n<p class=\"\" data-start=\"1474\" data-end=\"1515\">Frescura y bienestar en cada cepillado.<\/p>\n<\/li>\n<\/ul>\n<p class=\"\" data-start=\"1517\" data-end=\"1615\"><strong data-start=\"1517\" data-end=\"1613\">Cuida tu salud y el planeta. Haz de cada cepillado un momento de conexi\u00f3n con la naturaleza.<\/strong><\/p>\n<p><strong>Made with 100% certified organic raw materials.<\/strong><\/p>\n<p>\u2705\u00a0<strong>10% discount on your first order<br \/>\n<\/strong>\u2705\u00a0<strong>FREE SHIPPING on orders +39\u20ac.<\/strong><\/p>\n<p>C.P.N.P.: 2175381<\/p>","protected":false},"featured_media":38332,"comment_status":"closed","ping_status":"closed","template":"","meta":{"om_disable_all_campaigns":false,"_monsterinsights_skip_tracking":false,"_monsterinsights_sitenote_active":false,"_monsterinsights_sitenote_note":"","_monsterinsights_sitenote_category":0,"_uf_show_specific_survey":0,"_uf_disable_surveys":false},"product_brand":[],"product_cat":[41],"product_tag":[],"class_list":{"0":"post-1275","1":"product","2":"type-product","3":"status-publish","4":"has-post-thumbnail","6":"product_cat-higiene-bucal","8":"first","9":"instock","10":"featured","11":"taxable","12":"shipping-taxable","13":"purchasable","14":"product-type-simple"},"_links":{"self":[{"href":"https:\/\/laencantada.es\/en\/wp-json\/wp\/v2\/product\/1275","targetHints":{"allow":["GET"]}}],"collection":[{"href":"https:\/\/laencantada.es\/en\/wp-json\/wp\/v2\/product"}],"about":[{"href":"https:\/\/laencantada.es\/en\/wp-json\/wp\/v2\/types\/product"}],"replies":[{"embeddable":true,"href":"https:\/\/laencantada.es\/en\/wp-json\/wp\/v2\/comments?post=1275"}],"wp:featuredmedia":[{"embeddable":true,"href":"https:\/\/laencantada.es\/en\/wp-json\/wp\/v2\/media\/38332"}],"wp:attachment":[{"href":"https:\/\/laencantada.es\/en\/wp-json\/wp\/v2\/media?parent=1275"}],"wp:term":[{"taxonomy":"product_brand","embeddable":true,"href":"https:\/\/laencantada.es\/en\/wp-json\/wp\/v2\/product_brand?post=1275"},{"taxonomy":"product_cat","embeddable":true,"href":"https:\/\/laencantada.es\/en\/wp-json\/wp\/v2\/product_cat?post=1275"},{"taxonomy":"product_tag","embeddable":true,"href":"https:\/\/laencantada.es\/en\/wp-json\/wp\/v2\/product_tag?post=1275"}],"curies":[{"name":"wp","href":"https:\/\/api.w.org\/{rel}","templated":true}]}}