{"id":1267,"date":"2019-10-28T16:47:59","date_gmt":"2019-10-28T15:47:59","guid":{"rendered":"http:\/\/laencantada.es\/?post_type=product&#038;p=1267"},"modified":"2025-12-01T08:35:44","modified_gmt":"2025-12-01T07:35:44","slug":"orange-lip-balm-2","status":"publish","type":"product","link":"https:\/\/laencantada.es\/en\/product\/orange-lip-balm-2\/","title":{"rendered":"Orange Lip Balm"},"content":{"rendered":"<p><strong>P<\/strong><strong data-start=\"204\" data-end=\"238\">PROPIEDADES QUE TE ENCANTAR\u00c1N:<\/strong><\/p>\n<p><strong style=\"text-align: center;\" data-start=\"242\" data-end=\"262\">\u2705 Protecci\u00f3n total<\/strong><span style=\"text-align: center;\">: Sella la hidrataci\u00f3n y crea una barrera contra las agresiones externas.<br \/>\n<\/span><strong style=\"text-align: center;\" data-start=\"242\" data-end=\"262\">\u2705<\/strong>\u00a0<strong data-start=\"341\" data-end=\"365\">Reparaci\u00f3n intensiva<\/strong>: Sana grietas, asperezas y devuelve la suavidad a tus labios al instante.<br \/>\n<strong data-start=\"445\" data-end=\"469\"><strong style=\"text-align: center;\" data-start=\"242\" data-end=\"262\">\u2705 <\/strong>Deep hydration<\/strong>: Aporta una sensaci\u00f3n de frescura y confort todo el d\u00eda.<br \/>\n<strong data-start=\"532\" data-end=\"558\"><strong style=\"text-align: center;\" data-start=\"242\" data-end=\"262\">\u2705 <\/strong>Suavidad y elasticidad<\/strong>: Los labios se sienten m\u00e1s suaves, el\u00e1sticos y rejuvenecidos.<\/p>\n<p class=\"\" data-start=\"622\" data-end=\"734\"><strong data-start=\"622\" data-end=\"639\">INDICADO PARA<\/strong>:<br data-start=\"640\" data-end=\"643\" \/>Todo tipo de piel, perfecto para mantener la salud de tus labios en cualquier temporada.<\/p>\n<p class=\"\" data-start=\"736\" data-end=\"890\"><strong data-start=\"736\" data-end=\"753\">HOW DO I USE IT?<\/strong><br data-start=\"753\" data-end=\"756\" \/>Aplica sobre los labios tantas veces como sea necesario, especialmente cuando sientas que necesitan un extra de hidrataci\u00f3n y cuidado.<\/p>\n<p><strong data-start=\"897\" data-end=\"939\">PROPIEDADES DE LOS INGREDIENTES CLAVE:<\/strong><\/p>\n<p class=\"\" data-start=\"941\" data-end=\"1894\">\ud83c\udf1f <strong data-start=\"944\" data-end=\"968\">Organic Cocoa Butter<\/strong>: Extra\u00edda mediante presi\u00f3n mec\u00e1nica, ofrece una hidrataci\u00f3n intensa que suaviza y nutre al instante, dej\u00e1ndote labios m\u00e1s el\u00e1sticos y saludables.<br data-start=\"1114\" data-end=\"1117\" \/>\ud83c\udf38 <strong data-start=\"1120\" data-end=\"1143\">Calendula Oleate<\/strong> en aceite de almendras dulces BIO: Con propiedades hidratantes y protectoras, las cal\u00e9ndulas de nuestro cultivo ecol\u00f3gico nutren profundamente la piel de tus labios, gracias a su maceraci\u00f3n durante 40 d\u00edas.<br data-start=\"1350\" data-end=\"1353\" \/>\ud83d\udca7 <strong data-start=\"1356\" data-end=\"1381\">Organic Shea Butter<\/strong>: Rica en \u00e1cidos grasos saturados, proporciona una barrera nutritiva que protege y repara, manteniendo tus labios suaves y suaves.<br data-start=\"1511\" data-end=\"1514\" \/>\ud83e\udd65 <strong data-start=\"1517\" data-end=\"1539\">Organic Coconut Oil<\/strong>: Adem\u00e1s de hidratar profundamente, le da a tus labios un sutil brillo y un toque de luminosidad natural.<br data-start=\"1644\" data-end=\"1647\" \/>\ud83c\udf39 <strong data-start=\"1650\" data-end=\"1681\">Organic Rose Hip Oil<\/strong>: Activa la reparaci\u00f3n celular y acelera la curaci\u00f3n de grietas, ayudando a regenerar la piel de tus labios r\u00e1pidamente.<br data-start=\"1801\" data-end=\"1804\" \/>\ud83c\udf3f <strong data-start=\"1807\" data-end=\"1831\">Organic Jojoba Oil<\/strong>: Suaviza y humecta tus labios, dej\u00e1ndolos m\u00e1s lisos y c\u00f3modos.<\/p>\n<p>\u200b\u200b<strong>INGREDIENTS:<\/strong>\u00a0<i>Theobroma cacao butter*, prunus amygdalus dulcis dulcis oil*, cera alba*, butyrospermum parkii butter*, sesamum indicum seed oil*, cocos nucifera fruit oil*, rosa canina seed oil*, tocopherol, simmondsia chinensis seed oil*, citrus sinensis peel oil expressed*, calendula officinalis flower extract*, Helianthus annuus seed oil, limonene**, citral**.<\/i><\/p>\n<p>* Organic ingredient<br \/>\n** Allergen of the essential oil<\/p>\n<p><strong>99% of the ingredients are natural and more than 99% are organic.<\/strong><\/p>\n<p><strong>|| Our products do not contain any chemical elements, preservatives, colorings, aromas or flavors that are not natural. Suitable for celiacs ||<\/strong><\/p>","protected":false},"excerpt":{"rendered":"<p class=\"\" data-start=\"200\" data-end=\"286\"><strong data-start=\"200\" data-end=\"286\">\u00a1Cuida y protege tus labios con el B\u00e1lsamo Labial de Naranja de La Encantada! \ud83c\udf4a<\/strong><\/p>\n<p class=\"\" data-start=\"288\" data-end=\"518\">Los labios son una de las zonas m\u00e1s sensibles de la piel, por lo que requieren una hidrataci\u00f3n constante para mantenerlos suaves, protegidos y libres de irritaciones. Nuestro B\u00e1lsamo Labial de Naranja es la soluci\u00f3n perfecta para:<\/p>\n<p class=\"\" data-start=\"520\" data-end=\"1219\">\u2728 <strong data-start=\"522\" data-end=\"546\">Deep hydration<\/strong>: F\u00f3rmula intensiva que nutre y suaviza los labios, dej\u00e1ndolos con una sensaci\u00f3n de confort todo el d\u00eda.<br data-start=\"650\" data-end=\"653\" \/>\ud83c\udf3f <strong data-start=\"656\" data-end=\"678\">Protecci\u00f3n natural<\/strong>: Gracias al Aceite Esencial de Naranja BIO, act\u00faa como barrera contra las agresiones externas, evitando que tus labios se agrieten o resequen.<br data-start=\"821\" data-end=\"824\" \/>\ud83d\udca7 <strong data-start=\"827\" data-end=\"854\">Propiedades reparadoras<\/strong>: Su acci\u00f3n antiinflamatoria y antis\u00e9ptica ayuda a regenerar los labios, incluso en los d\u00edas m\u00e1s fr\u00edos.<br data-start=\"957\" data-end=\"960\" \/>\ud83e\uddf4 <strong data-start=\"963\" data-end=\"1000\">Estimula la formaci\u00f3n de col\u00e1geno<\/strong>: Promueve la elasticidad de la piel, manteniendo tus labios firmes y juveniles.<br data-start=\"1080\" data-end=\"1083\" \/>\ud83c\udf31 <strong data-start=\"1086\" data-end=\"1114\">100% ecol\u00f3gico y natural<\/strong>: Hecho con materias primas certificadas, para que te cuides de manera responsable con el medio ambiente.<\/p>\n<p class=\"\" data-start=\"1221\" data-end=\"1318\">\u00a1Dile adi\u00f3s a los labios secos y maltratados y disfruta de la suavidad natural que te mereces! \ud83c\udf38<\/p>\n<p data-start=\"1221\" data-end=\"1318\">\u2705\u00a0<strong>10% discount on your first order<br \/>\n<\/strong>\u2705\u00a0<strong>FREE SHIPPING on orders +39\u20ac.<\/strong><\/p>","protected":false},"featured_media":38350,"comment_status":"closed","ping_status":"closed","template":"","meta":{"om_disable_all_campaigns":false,"_monsterinsights_skip_tracking":false,"_monsterinsights_sitenote_active":false,"_monsterinsights_sitenote_note":"","_monsterinsights_sitenote_category":0,"_uf_show_specific_survey":0,"_uf_disable_surveys":false},"product_brand":[],"product_cat":[39],"product_tag":[],"class_list":{"0":"post-1267","1":"product","2":"type-product","3":"status-publish","4":"has-post-thumbnail","6":"product_cat-balsamos","8":"first","9":"instock","10":"taxable","11":"shipping-taxable","12":"purchasable","13":"product-type-simple"},"_links":{"self":[{"href":"https:\/\/laencantada.es\/en\/wp-json\/wp\/v2\/product\/1267","targetHints":{"allow":["GET"]}}],"collection":[{"href":"https:\/\/laencantada.es\/en\/wp-json\/wp\/v2\/product"}],"about":[{"href":"https:\/\/laencantada.es\/en\/wp-json\/wp\/v2\/types\/product"}],"replies":[{"embeddable":true,"href":"https:\/\/laencantada.es\/en\/wp-json\/wp\/v2\/comments?post=1267"}],"wp:featuredmedia":[{"embeddable":true,"href":"https:\/\/laencantada.es\/en\/wp-json\/wp\/v2\/media\/38350"}],"wp:attachment":[{"href":"https:\/\/laencantada.es\/en\/wp-json\/wp\/v2\/media?parent=1267"}],"wp:term":[{"taxonomy":"product_brand","embeddable":true,"href":"https:\/\/laencantada.es\/en\/wp-json\/wp\/v2\/product_brand?post=1267"},{"taxonomy":"product_cat","embeddable":true,"href":"https:\/\/laencantada.es\/en\/wp-json\/wp\/v2\/product_cat?post=1267"},{"taxonomy":"product_tag","embeddable":true,"href":"https:\/\/laencantada.es\/en\/wp-json\/wp\/v2\/product_tag?post=1267"}],"curies":[{"name":"wp","href":"https:\/\/api.w.org\/{rel}","templated":true}]}}