{"id":1242,"date":"2019-10-28T16:37:19","date_gmt":"2019-10-28T15:37:19","guid":{"rendered":"http:\/\/laencantada.es\/?post_type=product&#038;p=1242"},"modified":"2025-12-01T08:36:43","modified_gmt":"2025-12-01T07:36:43","slug":"sage-mouthwash","status":"publish","type":"product","link":"https:\/\/laencantada.es\/en\/product\/sage-mouthwash\/","title":{"rendered":"Sage Mouthwash"},"content":{"rendered":"<p class=\"\" data-start=\"97\" data-end=\"139\"><strong data-start=\"97\" data-end=\"136\">Colutorios Naturales \u2013 La Encantada<\/strong> \ud83c\udf3f<\/p>\n<p class=\"\" data-start=\"141\" data-end=\"362\">Nuestros Colutorios est\u00e1n elaborados con <strong data-start=\"182\" data-end=\"213\">ingredientes 100% naturales<\/strong>, sin fl\u00faor, edulcorantes ni tensioactivos, para ofrecerte una opci\u00f3n de cuidado bucal <strong data-start=\"300\" data-end=\"325\">totalmente respetuosa<\/strong> con tu salud y el medio ambiente \ud83c\udf31.<\/p>\n<p class=\"\" data-start=\"364\" data-end=\"645\"><strong data-start=\"364\" data-end=\"379\">\u2714 PROPIEDADES<\/strong>:<br data-start=\"380\" data-end=\"383\" \/>Protege y refuerza tus enc\u00edas, brindando un <strong data-start=\"427\" data-end=\"445\">aliento fresco<\/strong> de larga duraci\u00f3n gracias a la poderosa combinaci\u00f3n de <strong data-start=\"501\" data-end=\"547\">aceites esenciales de salvia, lim\u00f3n y an\u00eds<\/strong>. Estos ingredientes naturales trabajan en sinergia para mantener tu boca limpia y saludable.<\/p>\n<p class=\"\" data-start=\"647\" data-end=\"752\"><strong data-start=\"647\" data-end=\"663\">\u2714 INDICACIONES<\/strong>:<br data-start=\"664\" data-end=\"667\" \/>Ideal para mantener tus enc\u00edas sanas y fuertes. <strong data-start=\"715\" data-end=\"739\">Agitar antes de usar<\/strong>. No ingerir.<\/p>\n<p class=\"\" data-start=\"754\" data-end=\"953\"><strong data-start=\"754\" data-end=\"769\">\u2714 \u00bfC\u00d3MO LO USO?<\/strong><br data-start=\"770\" data-end=\"773\" \/>Solo diluye un tap\u00f3n de colutorio en un cuarto de vaso de agua. Haz g\u00e1rgaras durante al menos <strong data-start=\"867\" data-end=\"880\">un minuto<\/strong> para aprovechar al m\u00e1ximo sus propiedades. Enjuaga despu\u00e9s de su uso.<\/p>\n<p class=\"\" data-start=\"955\" data-end=\"1070\"><strong data-start=\"955\" data-end=\"971\">\u2714 INGREDIENTES<\/strong>:<br data-start=\"972\" data-end=\"975\" \/>The <strong data-start=\"978\" data-end=\"1001\">hidrolato de salvia<\/strong> se combina con una mezcla exclusiva de <strong data-start=\"1041\" data-end=\"1067\">aceites esenciales BIO<\/strong>:<\/p>\n<ul data-start=\"1071\" data-end=\"1459\">\n<li class=\"\" data-start=\"1071\" data-end=\"1187\">\n<p class=\"\" data-start=\"1073\" data-end=\"1187\"><strong data-start=\"1073\" data-end=\"1101\">Aceite esencial de lim\u00f3n<\/strong> \ud83c\udf4b, extra\u00eddo de limones verdes BIO, con propiedades refrescantes y antibacterianas.<\/p>\n<\/li>\n<li class=\"\" data-start=\"1188\" data-end=\"1332\">\n<p class=\"\" data-start=\"1190\" data-end=\"1332\"><strong data-start=\"1190\" data-end=\"1231\">Aceite esencial de salvia Sclarea BIO<\/strong>, conocido por sus efectos <strong data-start=\"1258\" data-end=\"1274\">antis\u00e9pticos<\/strong> y su ayuda en infecciones bucales, llagas y gingivitis.<\/p>\n<\/li>\n<li class=\"\" data-start=\"1333\" data-end=\"1459\">\n<p class=\"\" data-start=\"1335\" data-end=\"1459\"><strong data-start=\"1335\" data-end=\"1374\">Aceite esencial de hinojo dulce BIO<\/strong> y <strong data-start=\"1377\" data-end=\"1392\">de an\u00eds BIO<\/strong>, que completan la mezcla con un aroma y sabor naturales y frescos.<\/p>\n<\/li>\n<\/ul>\n<p class=\"\" data-start=\"1461\" data-end=\"1549\"><strong data-start=\"1461\" data-end=\"1544\">Vive la experiencia de una boca fresca y natural, con la pureza de La Encantada<\/strong> \ud83d\udca7\u2728.<\/p>\n<p>\u200b<strong>INGREDIENTS:<\/strong>\u00a0<em>S<\/em><i>alvia sclarea flower\/leaf water*, glycerin, foeniculum vulgare dulce fruit oil*, illicium verum fruit oil*, salvia sclarea flower oil*, citrus limon peel oil*, cocos nucifera fruit extract, rosmarinus officinalis extract, tocopherol, ascorbic acid, lecithin, benzyl alcohol, dehydroacetic acid, sorbic acid, benzoic acid, citric acid, aqua, limonene**, linalool**.<\/i><\/p>\n<p>* Organic ingredient<br \/>\n** Allergen of the essential oil<br \/>\n<strong>100% of the ingredients are natural and more than 99.5% are organic.<\/strong><\/p>\n<p><strong>|| Our products do not contain any chemical elements, preservatives, colorings, aromas or flavors that are not natural. Suitable for celiacs and vegans.<\/strong><\/p>\n<p>To the Sage Hydrolat we add an elaborate blend of ORGANIC Essential Oils. It contains Lemon Essential Oil obtained by squeezing the peel of organic green lemons and organic Sage Sclarea Sclarea which are antiseptic, help in mouth infections, mouth sores and gingivitis.<\/p>\n<p>Together with Organic Sweet Fennel and Organic Aniseed Essential Oil, they make up the aroma and flavor of the blend.<\/p>","protected":false},"excerpt":{"rendered":"<p class=\"\" data-start=\"153\" data-end=\"511\">Descubre el poder natural de la salvia con nuestro Colutorio Concentrado, elaborado con hidrolato de salvia cultivada en nuestros propios jardines agroecol\u00f3gicos. Gracias a sus <strong>propiedades antis\u00e9pticas y regenerantes<\/strong>, es la soluci\u00f3n ideal para mantener <strong>enc\u00edas saludables<\/strong>, especialmente en casos de gingivitis, enc\u00edas sensibles, inflamadas o sangrantes \ud83d\udca7.<\/p>\n<p class=\"\" data-start=\"513\" data-end=\"835\">Este colutorio no solo ofrece una higiene profunda y natural, sino que tambi\u00e9n refuerza las enc\u00edas, dej\u00e1ndote una sensaci\u00f3n de frescura y limpieza duradera. Su f\u00f3rmula <strong>libre de menta<\/strong> lo convierte en el complemento perfecto para toda la familia, incluidas las personas que siguen <strong>tratamientos homeop\u00e1ticos.<\/strong> \ud83c\udfe1.<\/p>\n<p class=\"\" data-start=\"837\" data-end=\"1012\">Con ingredientes 100% ecol\u00f3gicos y certificados, nuestro Colutorio de Salvia respeta tu salud y el medio ambiente, brind\u00e1ndote una opci\u00f3n de cuidado bucal natural y eficaz.<\/p>\n<p class=\"\" data-start=\"1014\" data-end=\"1035\"><strong data-start=\"1014\" data-end=\"1035\">Beneficios clave:<\/strong><\/p>\n<ul data-start=\"1036\" data-end=\"1282\">\n<li class=\"\" data-start=\"1036\" data-end=\"1118\">\n<p class=\"\" data-start=\"1038\" data-end=\"1118\">\ud83c\udf3f Propiedades antis\u00e9pticas y regenerantes para enc\u00edas m\u00e1s fuertes y saludables.<\/p>\n<\/li>\n<li class=\"\" data-start=\"1119\" data-end=\"1199\">\n<p class=\"\" data-start=\"1121\" data-end=\"1199\">\ud83d\udc9a F\u00f3rmula sin menta, ideal para toda la familia y tratamientos homeop\u00e1ticos.<\/p>\n<\/li>\n<li class=\"\" data-start=\"1200\" data-end=\"1282\">\n<p class=\"\" data-start=\"1202\" data-end=\"1282\">\ud83c\udf31 100% ecol\u00f3gico, con ingredientes de nuestros propios cultivos agroecol\u00f3gicos.<\/p>\n<\/li>\n<\/ul>\n<p class=\"\" data-start=\"1284\" data-end=\"1328\"><strong data-start=\"1284\" data-end=\"1325\">Elige lo natural, elige La Encantada.<\/strong> \ud83d\udc96<\/p>\n<p data-start=\"1284\" data-end=\"1328\">\u2705\u00a0<strong>10% discount on your first order<br \/>\n<\/strong>\u2705\u00a0<strong>FREE SHIPPING on orders +39\u20ac.<\/strong><\/p>\n<p>C.P.N.P.: 3819189<\/p>","protected":false},"featured_media":38346,"comment_status":"closed","ping_status":"closed","template":"","meta":{"om_disable_all_campaigns":false,"_monsterinsights_skip_tracking":false,"_monsterinsights_sitenote_active":false,"_monsterinsights_sitenote_note":"","_monsterinsights_sitenote_category":0,"_uf_show_specific_survey":0,"_uf_disable_surveys":false},"product_brand":[],"product_cat":[41],"product_tag":[],"class_list":{"0":"post-1242","1":"product","2":"type-product","3":"status-publish","4":"has-post-thumbnail","6":"product_cat-higiene-bucal","8":"first","9":"instock","10":"taxable","11":"shipping-taxable","12":"purchasable","13":"product-type-variable"},"_links":{"self":[{"href":"https:\/\/laencantada.es\/en\/wp-json\/wp\/v2\/product\/1242","targetHints":{"allow":["GET"]}}],"collection":[{"href":"https:\/\/laencantada.es\/en\/wp-json\/wp\/v2\/product"}],"about":[{"href":"https:\/\/laencantada.es\/en\/wp-json\/wp\/v2\/types\/product"}],"replies":[{"embeddable":true,"href":"https:\/\/laencantada.es\/en\/wp-json\/wp\/v2\/comments?post=1242"}],"wp:featuredmedia":[{"embeddable":true,"href":"https:\/\/laencantada.es\/en\/wp-json\/wp\/v2\/media\/38346"}],"wp:attachment":[{"href":"https:\/\/laencantada.es\/en\/wp-json\/wp\/v2\/media?parent=1242"}],"wp:term":[{"taxonomy":"product_brand","embeddable":true,"href":"https:\/\/laencantada.es\/en\/wp-json\/wp\/v2\/product_brand?post=1242"},{"taxonomy":"product_cat","embeddable":true,"href":"https:\/\/laencantada.es\/en\/wp-json\/wp\/v2\/product_cat?post=1242"},{"taxonomy":"product_tag","embeddable":true,"href":"https:\/\/laencantada.es\/en\/wp-json\/wp\/v2\/product_tag?post=1242"}],"curies":[{"name":"wp","href":"https:\/\/api.w.org\/{rel}","templated":true}]}}