{"id":1203,"date":"2019-10-28T11:59:49","date_gmt":"2019-10-28T10:59:49","guid":{"rendered":"http:\/\/laencantada.es\/?post_type=product&#038;p=1203"},"modified":"2025-12-01T08:38:30","modified_gmt":"2025-12-01T07:38:30","slug":"calendula-oil-for-our-children-2","status":"publish","type":"product","link":"https:\/\/laencantada.es\/en\/product\/calendula-oil-for-our-children-2\/","title":{"rendered":"Calendula Oil for our children"},"content":{"rendered":"<p data-start=\"105\" data-end=\"170\"><strong data-start=\"109\" data-end=\"168\">\u2728 Propiedades que protegen y cuidan a los m\u00e1s peque\u00f1os:<\/strong><\/p>\n<p class=\"\" data-start=\"171\" data-end=\"676\">\ud83d\udca7 <strong data-start=\"174\" data-end=\"198\">Hidrataci\u00f3n y Calma:<\/strong> Su f\u00f3rmula natural hidrata profundamente, relajando y suavizando la piel de beb\u00e9s y ni\u00f1os.<br data-start=\"289\" data-end=\"292\" \/>\ud83c\udf38 <strong data-start=\"295\" data-end=\"313\">Cuidado Total:<\/strong> Ideal para todo tipo de piel, especialmente las m\u00e1s sensibles y delicadas, como la de los beb\u00e9s.<br data-start=\"410\" data-end=\"413\" \/>\ud83e\ude79 <strong data-start=\"416\" data-end=\"442\">Previene Irritaciones:<\/strong> Gracias a la cal\u00e9ndula, ayuda a prevenir rojeces e irritaciones, protegiendo la piel de factores externos.<br data-start=\"549\" data-end=\"552\" \/>\ud83d\ude0c <strong data-start=\"555\" data-end=\"575\">Relaja y Alivia:<\/strong> Perfecto para calmar la piel despu\u00e9s del ba\u00f1o y promover un estado de bienestar en los m\u00e1s peque\u00f1os.<\/p>\n<p data-start=\"917\" data-end=\"975\"><strong data-start=\"921\" data-end=\"973\">\ud83d\udca1 C\u00f3mo usarlo para obtener el m\u00e1ximo beneficio:<\/strong><\/p>\n<p class=\"\" data-start=\"976\" data-end=\"1313\">1\ufe0f\u20e3 <strong data-start=\"980\" data-end=\"1006\">En la ba\u00f1era del beb\u00e9,<\/strong> a\u00f1ade medio tap\u00f3n de aceite para un ba\u00f1o relajante y nutritivo.<br data-start=\"1070\" data-end=\"1073\" \/>2\ufe0f\u20e3 <strong data-start=\"1077\" data-end=\"1098\">Despu\u00e9s del ba\u00f1o,<\/strong> aplica el aceite sobre la piel seca con un ligero masaje para una hidrataci\u00f3n profunda y calmante.<br data-start=\"1197\" data-end=\"1200\" \/>3\ufe0f\u20e3 <strong data-start=\"1204\" data-end=\"1241\">Disfruta del momento de conexi\u00f3n,<\/strong> sabiendo que est\u00e1s utilizando lo mejor de la naturaleza para su piel.<\/p>\n<p data-start=\"1320\" data-end=\"1364\"><strong data-start=\"1324\" data-end=\"1362\">\ud83c\udf31 Ingredientes naturales y puros:<\/strong><\/p>\n<p class=\"\" data-start=\"1365\" data-end=\"1855\">\ud83c\udf3c <strong data-start=\"1368\" data-end=\"1398\">Extracto de Cal\u00e9ndula Bio:<\/strong> Cultivada en nuestros huertos ecol\u00f3gicos, la cal\u00e9ndula calma, regenera y fortalece la piel, ayudando a crear una barrera protectora natural para la piel del beb\u00e9.<br data-start=\"1561\" data-end=\"1564\" \/>\ud83c\udf3f <strong data-start=\"1567\" data-end=\"1602\">Aceite Esencial de Lavanda Bio:<\/strong> Relajante natural, perfecto para calmar la piel irritada y aliviar c\u00f3licos o molestias.<br data-start=\"1690\" data-end=\"1693\" \/>\ud83c\udf38 <strong data-start=\"1696\" data-end=\"1741\">Aceite Esencial de Manzanilla Romana Bio:<\/strong> Extraordinariamente suave, ideal para calmar la piel y ayudar a relajar al beb\u00e9, favoreciendo un sue\u00f1o reparador.<\/p>\n<p data-start=\"1862\" data-end=\"1904\"><strong data-start=\"1866\" data-end=\"1902\">\ud83d\udc96 \u00bfPor qu\u00e9 elegir La Encantada?<\/strong><\/p>\n<ul data-start=\"1905\" data-end=\"2193\">\n<li class=\"\" data-start=\"1905\" data-end=\"1977\">\n<p class=\"\" data-start=\"1907\" data-end=\"1977\"><strong data-start=\"1907\" data-end=\"1936\">100% natural y ecol\u00f3gico,<\/strong> sin qu\u00edmicos ni perfumes artificiales.<\/p>\n<\/li>\n<li class=\"\" data-start=\"1978\" data-end=\"2075\">\n<p class=\"\" data-start=\"1980\" data-end=\"2075\"><strong data-start=\"1980\" data-end=\"2010\">Apto para pieles sensibles<\/strong> y especialmente formulado para el cuidado de la piel del beb\u00e9.<\/p>\n<\/li>\n<li class=\"\" data-start=\"2076\" data-end=\"2193\">\n<p class=\"\" data-start=\"2078\" data-end=\"2193\"><strong data-start=\"2078\" data-end=\"2109\">Vegano y libre de crueldad,<\/strong> garantizando un producto respetuoso con el medio ambiente y con los m\u00e1s peque\u00f1os.<\/p>\n<\/li>\n<\/ul>\n<p>\ud83c\udf1f\u00a0<strong data-start=\"1832\" data-end=\"1883\">Dale a tu beb\u00e9 el cuidado m\u00e1s tierno y natural.<\/strong><\/p>\n<p>\ud83c\udf3c\u00a0<strong data-start=\"1889\" data-end=\"2001\" data-is-last-node=\"\">Descubre el Aceite de Cal\u00e9ndula de La Encantada y transforma su rutina de cuidado en un abrazo de bienestar.<\/strong><br \/>\n\u200b<br \/>\n<strong>INGREDIENTS<\/strong>: <em>Prunus amygdalus dulcis oil*, Calendula officinalis flower extract*, tocopherol*, Lavender angustifolia oil*, Anthemis nobilis flower oil*, linanool**, d-limonene**, geraniol**.<\/em><\/p>\n<p>* Organic ingredient<br \/>\n** Allergen of the essential oil<\/p>\n<p><strong>100% of the ingredients are natural and more than 99% are organic.<\/strong><\/p>\n<p><strong>|| Our products do not contain any chemical elements, preservatives, colorings, aromas or flavors that are not natural. Suitable for celiacs and vegans.<\/strong><\/p>","protected":false},"excerpt":{"rendered":"<p><strong>Cuidado Natural para la Piel Sensible de tu Beb\u00e9 \ud83c\udf3f<\/strong><\/p>\n<p data-start=\"104\" data-end=\"161\"><strong data-start=\"108\" data-end=\"159\">\u2728 Propiedades que acarician la piel de tu beb\u00e9:<\/strong><\/p>\n<p data-start=\"162\" data-end=\"697\">\ud83c\udf31 <strong data-start=\"165\" data-end=\"190\">Hidrataci\u00f3n Profunda:<\/strong> Nutre e hidrata suavemente la delicada piel de tu beb\u00e9, dej\u00e1ndola suave y protegida.<br data-start=\"275\" data-end=\"278\" \/>\ud83c\udf38 <strong data-start=\"281\" data-end=\"303\">Relajante Natural:<\/strong> Suaviza y calma, creando una sensaci\u00f3n de bienestar y tranquilidad, perfecta para el momento del ba\u00f1o y el masaje.<br data-start=\"418\" data-end=\"421\" \/>\ud83e\ude79 <strong data-start=\"424\" data-end=\"453\">Alivio para Irritaciones:<\/strong> Ideal para tratar las irritaciones del pa\u00f1al, ayudando a restaurar la piel sensible y previniendo rojeces.<br data-start=\"560\" data-end=\"563\" \/>\ud83d\udca7 <strong data-start=\"566\" data-end=\"585\">Cuidado Diario:<\/strong> Apto para todo tipo de piel, especialmente para la m\u00e1s sensible, protegiendo y manteniendo su suavidad natural.<\/p>\n<p data-start=\"704\" data-end=\"728\"><strong data-start=\"708\" data-end=\"726\">\ud83c\udfaf Ideal para:<\/strong><\/p>\n<p data-start=\"729\" data-end=\"946\">\u2714\ufe0f <strong data-start=\"732\" data-end=\"758\">Beb\u00e9s y piel sensible:<\/strong> Cuidado suave y eficaz para la piel delicada de los m\u00e1s peque\u00f1os.<br data-start=\"824\" data-end=\"827\" \/>\u2714\ufe0f <strong data-start=\"830\" data-end=\"867\">Irritaciones y rojeces del pa\u00f1al:<\/strong> Proporciona alivio inmediato y previene la aparici\u00f3n de nuevas irritaciones.<\/p>\n<p data-start=\"953\" data-end=\"1003\"><strong data-start=\"957\" data-end=\"1001\">\ud83d\udca1 C\u00f3mo usarlo para el m\u00e1ximo bienestar:<\/strong><\/p>\n<p data-start=\"1004\" data-end=\"1282\">1\ufe0f\u20e3 <strong data-start=\"1008\" data-end=\"1029\">Despu\u00e9s del ba\u00f1o,<\/strong> aplica unas gotas de aceite en tus manos.<br data-start=\"1071\" data-end=\"1074\" \/>2\ufe0f\u20e3 <strong data-start=\"1078\" data-end=\"1100\">Masajea suavemente<\/strong> el cuerpo de tu beb\u00e9, prestando especial atenci\u00f3n a las zonas m\u00e1s sensibles.<br data-start=\"1177\" data-end=\"1180\" \/>3\ufe0f\u20e3 <strong data-start=\"1184\" data-end=\"1213\">Disfruta de su relajaci\u00f3n<\/strong> y suavidad, sabiendo que est\u00e1 recibiendo el mejor cuidado natural.<\/p>\n<p data-start=\"1289\" data-end=\"1328\"><strong data-start=\"1293\" data-end=\"1326\">\ud83c\udf31 Trusted ingredients:<\/strong><\/p>\n<p data-start=\"1329\" data-end=\"1476\">\ud83c\udf3c <strong data-start=\"1332\" data-end=\"1359\">Aceite de Cal\u00e9ndula Bio<\/strong> \u2013 Extra\u00eddo de flores cultivadas de manera ecol\u00f3gica, con propiedades calmantes, regeneradoras y antiinflamatorias. 1<em data-start=\"1478\" data-end=\"1505\">00% natural y ecol\u00f3gico.<\/em><\/p>\n<p data-start=\"1329\" data-end=\"1476\">\u2705\u00a0<strong>10% discount on your first order<br \/>\n<\/strong>\u2705\u00a0<strong>FREE SHIPPING on orders +39\u20ac.<\/strong><\/p>","protected":false},"featured_media":38543,"comment_status":"closed","ping_status":"closed","template":"","meta":{"om_disable_all_campaigns":false,"_monsterinsights_skip_tracking":false,"_monsterinsights_sitenote_active":false,"_monsterinsights_sitenote_note":"","_monsterinsights_sitenote_category":0,"_uf_show_specific_survey":0,"_uf_disable_surveys":false},"product_brand":[],"product_cat":[42,122],"product_tag":[],"class_list":{"0":"post-1203","1":"product","2":"type-product","3":"status-publish","4":"has-post-thumbnail","6":"product_cat-aceites","7":"product_cat-pocimasflorales","9":"first","10":"instock","11":"taxable","12":"shipping-taxable","13":"purchasable","14":"product-type-simple"},"_links":{"self":[{"href":"https:\/\/laencantada.es\/en\/wp-json\/wp\/v2\/product\/1203","targetHints":{"allow":["GET"]}}],"collection":[{"href":"https:\/\/laencantada.es\/en\/wp-json\/wp\/v2\/product"}],"about":[{"href":"https:\/\/laencantada.es\/en\/wp-json\/wp\/v2\/types\/product"}],"replies":[{"embeddable":true,"href":"https:\/\/laencantada.es\/en\/wp-json\/wp\/v2\/comments?post=1203"}],"wp:featuredmedia":[{"embeddable":true,"href":"https:\/\/laencantada.es\/en\/wp-json\/wp\/v2\/media\/38543"}],"wp:attachment":[{"href":"https:\/\/laencantada.es\/en\/wp-json\/wp\/v2\/media?parent=1203"}],"wp:term":[{"taxonomy":"product_brand","embeddable":true,"href":"https:\/\/laencantada.es\/en\/wp-json\/wp\/v2\/product_brand?post=1203"},{"taxonomy":"product_cat","embeddable":true,"href":"https:\/\/laencantada.es\/en\/wp-json\/wp\/v2\/product_cat?post=1203"},{"taxonomy":"product_tag","embeddable":true,"href":"https:\/\/laencantada.es\/en\/wp-json\/wp\/v2\/product_tag?post=1203"}],"curies":[{"name":"wp","href":"https:\/\/api.w.org\/{rel}","templated":true}]}}