{"id":40661,"date":"2025-09-23T10:57:04","date_gmt":"2025-09-23T08:57:04","guid":{"rendered":"https:\/\/laencantada.es\/?page_id=40661"},"modified":"2025-09-25T17:22:24","modified_gmt":"2025-09-25T15:22:24","slug":"elementor-40661","status":"publish","type":"page","link":"https:\/\/laencantada.es\/en\/elementor-40661\/","title":{"rendered":""},"content":{"rendered":"<div data-elementor-type=\"wp-page\" data-elementor-id=\"40661\" class=\"elementor elementor-40661\" data-elementor-post-type=\"page\">\n\t\t\t\t<div class=\"elementor-element elementor-element-7f5edc7 e-flex e-con-boxed e-con e-parent\" data-id=\"7f5edc7\" data-element_type=\"container\" data-e-type=\"container\">\n\t\t\t\t\t<div class=\"e-con-inner\">\n\t\t\t\t<div class=\"elementor-element elementor-element-357fb56 elementor-widget elementor-widget-image\" data-id=\"357fb56\" data-element_type=\"widget\" data-e-type=\"widget\" data-widget_type=\"image.default\">\n\t\t\t\t<div class=\"elementor-widget-container\">\n\t\t\t\t\t\t\t\t\t\t\t\t\t\t\t<img fetchpriority=\"high\" decoding=\"async\" width=\"800\" height=\"352\" src=\"https:\/\/laencantada.es\/wp-content\/uploads\/2025\/09\/portada-1024x450.jpg\" class=\"attachment-large size-large wp-image-40755\" alt=\"\" srcset=\"https:\/\/laencantada.es\/wp-content\/uploads\/2025\/09\/portada-1024x450.jpg 1024w, https:\/\/laencantada.es\/wp-content\/uploads\/2025\/09\/portada-300x132.jpg 300w, https:\/\/laencantada.es\/wp-content\/uploads\/2025\/09\/portada-768x337.jpg 768w, https:\/\/laencantada.es\/wp-content\/uploads\/2025\/09\/portada-1536x674.jpg 1536w, https:\/\/laencantada.es\/wp-content\/uploads\/2025\/09\/portada-18x8.jpg 18w, https:\/\/laencantada.es\/wp-content\/uploads\/2025\/09\/portada-600x263.jpg 600w, https:\/\/laencantada.es\/wp-content\/uploads\/2025\/09\/portada-100x44.jpg 100w, https:\/\/laencantada.es\/wp-content\/uploads\/2025\/09\/portada.jpg 2048w\" sizes=\"(max-width: 800px) 100vw, 800px\" \/>\t\t\t\t\t\t\t\t\t\t\t\t\t\t\t<\/div>\n\t\t\t\t<\/div>\n\t\t\t\t\t<\/div>\n\t\t\t\t<\/div>\n\t\t<div class=\"elementor-element elementor-element-9ca5ac5 e-flex e-con-boxed e-con e-parent\" data-id=\"9ca5ac5\" data-element_type=\"container\" data-e-type=\"container\">\n\t\t\t\t\t<div class=\"e-con-inner\">\n\t\t\t\t<div class=\"elementor-element elementor-element-c359f23 elementor-widget elementor-widget-heading\" data-id=\"c359f23\" data-element_type=\"widget\" data-e-type=\"widget\" data-widget_type=\"heading.default\">\n\t\t\t\t<div class=\"elementor-widget-container\">\n\t\t\t\t\t<h4 class=\"elementor-heading-title elementor-size-default\">Un ritual sencillo, transformador y 100% natural, con ingredientes que ya tienes en casa.<\/h4>\t\t\t\t<\/div>\n\t\t\t\t<\/div>\n\t\t\t\t\t<\/div>\n\t\t\t\t<\/div>\n\t\t<div class=\"elementor-element elementor-element-392b985 e-flex e-con-boxed e-con e-parent\" data-id=\"392b985\" data-element_type=\"container\" data-e-type=\"container\">\n\t\t\t\t\t<div class=\"e-con-inner\">\n\t\t\t\t<div class=\"elementor-element elementor-element-987ad49 elementor-widget elementor-widget-html\" data-id=\"987ad49\" data-element_type=\"widget\" data-e-type=\"widget\" data-widget_type=\"html.default\">\n\t\t\t\t<div class=\"elementor-widget-container\">\n\t\t\t\t\t<div class=\"klaviyo-form-V3Kebq\"><\/div>\t\t\t\t<\/div>\n\t\t\t\t<\/div>\n\t\t\t\t\t<\/div>\n\t\t\t\t<\/div>\n\t\t<div class=\"elementor-element elementor-element-f8755d0 e-flex e-con-boxed e-con e-parent\" data-id=\"f8755d0\" data-element_type=\"container\" data-e-type=\"container\">\n\t\t\t\t\t<div class=\"e-con-inner\">\n\t\t\t\t<div class=\"elementor-element elementor-element-0496d28 elementor-widget elementor-widget-heading\" data-id=\"0496d28\" data-element_type=\"widget\" data-e-type=\"widget\" data-widget_type=\"heading.default\">\n\t\t\t\t<div class=\"elementor-widget-container\">\n\t\t\t\t\t<h3 class=\"elementor-heading-title elementor-size-default\">\u00bfQu\u00e9 encontrar\u00e1s en el ritual?<\/h3>\t\t\t\t<\/div>\n\t\t\t\t<\/div>\n\t\t\t\t\t<\/div>\n\t\t\t\t<\/div>\n\t\t<div class=\"elementor-element elementor-element-4a22a2e e-flex e-con-boxed e-con e-parent\" data-id=\"4a22a2e\" data-element_type=\"container\" data-e-type=\"container\">\n\t\t\t\t\t<div class=\"e-con-inner\">\n\t\t\t\t<div class=\"elementor-element elementor-element-047b67f elementor-widget elementor-widget-text-editor\" data-id=\"047b67f\" data-element_type=\"widget\" data-e-type=\"widget\" data-widget_type=\"text-editor.default\">\n\t\t\t\t<div class=\"elementor-widget-container\">\n\t\t\t\t\t\t\t\t\t<h5 data-start=\"119\" data-end=\"267\">\ud83e\uddfd <strong data-start=\"119\" data-end=\"140\">D\u00eda 1: Exfoliante<\/strong><br data-start=\"140\" data-end=\"143\" \/>Deja atr\u00e1s lo que ya no necesitas. Al eliminar impurezas, tambi\u00e9n sientes c\u00f3mo tu interior se renueva y recupera ligereza.<\/h5><h5 data-start=\"269\" data-end=\"436\"><strong data-start=\"269\" data-end=\"293\">\u2601\ufe0f D\u00eda 2: Ba\u00f1o de vapor<\/strong><br data-start=\"293\" data-end=\"296\" \/>Un instante de purificaci\u00f3n. Al abrir los poros, tambi\u00e9n se abre el espacio interno para soltar tensiones y recibir lo nuevo con claridad.<\/h5><h5 data-start=\"438\" data-end=\"603\"><strong data-start=\"438\" data-end=\"468\">\ud83c\udf40 D\u00eda 3: T\u00f3nico antioxidante<\/strong><br data-start=\"468\" data-end=\"471\" \/>Una brisa fresca que despierta y revitaliza. Al cuidar tu piel, tambi\u00e9n sientes c\u00f3mo tu energ\u00eda se renueva y florece la confianza.<\/h5><h5 data-start=\"605\" data-end=\"773\"><strong data-start=\"605\" data-end=\"629\">\ud83d\udc86\u200d\u2640\ufe0f D\u00eda 4: Masaje facial<\/strong><br data-start=\"629\" data-end=\"632\" \/>El contacto consciente que tonifica no solo tu piel, sino tambi\u00e9n tu \u00e1nimo. Te regalas ternura y presencia, despertando tu belleza natural.<\/h5><h5 data-start=\"775\" data-end=\"928\"><strong data-start=\"775\" data-end=\"807\">\ud83c\udf6f D\u00eda 5: Mascarilla hidratante<\/strong><br data-start=\"807\" data-end=\"810\" \/>Un momento de calma para ti. La piel se siente acariciada, suave y el\u00e1stica, mientras tu mente se relaja y descansa.<\/h5>\t\t\t\t\t\t\t\t<\/div>\n\t\t\t\t<\/div>\n\t\t\t\t\t<\/div>\n\t\t\t\t<\/div>\n\t\t<div class=\"elementor-element elementor-element-2b44251 e-flex e-con-boxed e-con e-parent\" data-id=\"2b44251\" data-element_type=\"container\" data-e-type=\"container\">\n\t\t\t\t\t<div class=\"e-con-inner\">\n\t\t\t\t<div class=\"elementor-element elementor-element-2e43290 elementor-widget elementor-widget-heading\" data-id=\"2e43290\" data-element_type=\"widget\" data-e-type=\"widget\" data-widget_type=\"heading.default\">\n\t\t\t\t<div class=\"elementor-widget-container\">\n\t\t\t\t\t<h1 class=\"elementor-heading-title elementor-size-default\">Ap\u00fantate y rejuvenece tu piel en 5 d\u00edas<\/h1>\t\t\t\t<\/div>\n\t\t\t\t<\/div>\n\t\t\t\t\t<\/div>\n\t\t\t\t<\/div>\n\t\t<div class=\"elementor-element elementor-element-c315157 e-flex e-con-boxed e-con e-parent\" data-id=\"c315157\" data-element_type=\"container\" data-e-type=\"container\">\n\t\t\t\t\t<div class=\"e-con-inner\">\n\t\t\t\t<div class=\"elementor-element elementor-element-8d93bc4 elementor-widget elementor-widget-heading\" data-id=\"8d93bc4\" data-element_type=\"widget\" data-e-type=\"widget\" data-widget_type=\"heading.default\">\n\t\t\t\t<div class=\"elementor-widget-container\">\n\t\t\t\t\t<h4 class=\"elementor-heading-title elementor-size-default\">Recibir\u00e1s el pdf al instante<\/h4>\t\t\t\t<\/div>\n\t\t\t\t<\/div>\n\t\t\t\t\t<\/div>\n\t\t\t\t<\/div>\n\t\t<div class=\"elementor-element elementor-element-fe968a3 e-flex e-con-boxed e-con e-parent\" data-id=\"fe968a3\" data-element_type=\"container\" data-e-type=\"container\">\n\t\t\t\t\t<div class=\"e-con-inner\">\n\t\t\t\t<div class=\"elementor-element elementor-element-190e0e0 elementor-widget elementor-widget-html\" data-id=\"190e0e0\" data-element_type=\"widget\" data-e-type=\"widget\" data-widget_type=\"html.default\">\n\t\t\t\t<div class=\"elementor-widget-container\">\n\t\t\t\t\t<div class=\"klaviyo-form-V3Kebq\"><\/div>\t\t\t\t<\/div>\n\t\t\t\t<\/div>\n\t\t\t\t\t<\/div>\n\t\t\t\t<\/div>\n\t\t\t\t<\/div>","protected":false},"excerpt":{"rendered":"<p>Un ritual sencillo, transformador y 100% natural, con ingredientes que ya tienes en casa. \u00bfQu\u00e9 encontrar\u00e1s en el ritual? \ud83e\uddfd D\u00eda 1: ExfolianteDeja atr\u00e1s lo que ya no necesitas. Al eliminar impurezas, tambi\u00e9n sientes c\u00f3mo tu interior se renueva y recupera ligereza. \u2601\ufe0f D\u00eda 2: Ba\u00f1o de vaporUn instante de purificaci\u00f3n. Al abrir los poros, [&hellip;]<\/p>\n","protected":false},"author":188,"featured_media":0,"parent":0,"menu_order":0,"comment_status":"closed","ping_status":"closed","template":"","meta":{"om_disable_all_campaigns":false,"_monsterinsights_skip_tracking":false,"_monsterinsights_sitenote_active":false,"_monsterinsights_sitenote_note":"","_monsterinsights_sitenote_category":0,"_uf_show_specific_survey":0,"_uf_disable_surveys":false,"footnotes":""},"class_list":["post-40661","page","type-page","status-publish","hentry"],"_links":{"self":[{"href":"https:\/\/laencantada.es\/en\/wp-json\/wp\/v2\/pages\/40661","targetHints":{"allow":["GET"]}}],"collection":[{"href":"https:\/\/laencantada.es\/en\/wp-json\/wp\/v2\/pages"}],"about":[{"href":"https:\/\/laencantada.es\/en\/wp-json\/wp\/v2\/types\/page"}],"author":[{"embeddable":true,"href":"https:\/\/laencantada.es\/en\/wp-json\/wp\/v2\/users\/188"}],"replies":[{"embeddable":true,"href":"https:\/\/laencantada.es\/en\/wp-json\/wp\/v2\/comments?post=40661"}],"version-history":[{"count":78,"href":"https:\/\/laencantada.es\/en\/wp-json\/wp\/v2\/pages\/40661\/revisions"}],"predecessor-version":[{"id":40765,"href":"https:\/\/laencantada.es\/en\/wp-json\/wp\/v2\/pages\/40661\/revisions\/40765"}],"wp:attachment":[{"href":"https:\/\/laencantada.es\/en\/wp-json\/wp\/v2\/media?parent=40661"}],"curies":[{"name":"wp","href":"https:\/\/api.w.org\/{rel}","templated":true}]}}