{"id":40509,"date":"2025-08-08T13:47:56","date_gmt":"2025-08-08T11:47:56","guid":{"rendered":"https:\/\/laencantada.es\/?page_id=40509"},"modified":"2025-08-08T14:10:30","modified_gmt":"2025-08-08T12:10:30","slug":"elementor-40509","status":"publish","type":"page","link":"https:\/\/laencantada.es\/en\/elementor-40509\/","title":{"rendered":""},"content":{"rendered":"<div data-elementor-type=\"wp-page\" data-elementor-id=\"40509\" class=\"elementor elementor-40509\" data-elementor-post-type=\"page\">\n\t\t\t\t<div class=\"elementor-element elementor-element-66ec781 e-flex e-con-boxed e-con e-parent\" data-id=\"66ec781\" data-element_type=\"container\" data-e-type=\"container\">\n\t\t\t\t\t<div class=\"e-con-inner\">\n\t\t\t\t<div class=\"elementor-element elementor-element-c62ce14 elementor-widget elementor-widget-heading\" data-id=\"c62ce14\" data-element_type=\"widget\" data-e-type=\"widget\" data-widget_type=\"heading.default\">\n\t\t\t\t<div class=\"elementor-widget-container\">\n\t\t\t\t\t<h2 class=\"elementor-heading-title elementor-size-default\">Este fin de semana, tu cuidado natural viene con un regalo muy especial \ud83c\udf81<\/h2>\t\t\t\t<\/div>\n\t\t\t\t<\/div>\n\t\t\t\t\t<\/div>\n\t\t\t\t<\/div>\n\t\t<div class=\"elementor-element elementor-element-9450668 e-flex e-con-boxed e-con e-parent\" data-id=\"9450668\" data-element_type=\"container\" data-e-type=\"container\">\n\t\t\t\t\t<div class=\"e-con-inner\">\n\t\t\t\t<div class=\"elementor-element elementor-element-e407daa elementor-widget elementor-widget-image\" data-id=\"e407daa\" data-element_type=\"widget\" data-e-type=\"widget\" data-widget_type=\"image.default\">\n\t\t\t\t<div class=\"elementor-widget-container\">\n\t\t\t\t\t\t\t\t\t\t\t\t\t\t\t<img fetchpriority=\"high\" decoding=\"async\" width=\"800\" height=\"800\" src=\"https:\/\/laencantada.es\/wp-content\/uploads\/2025\/08\/Ecopack_nomada_caixa-1024x1024.jpg\" class=\"attachment-large size-large wp-image-40511\" alt=\"\" srcset=\"https:\/\/laencantada.es\/wp-content\/uploads\/2025\/08\/Ecopack_nomada_caixa-1024x1024.jpg 1024w, https:\/\/laencantada.es\/wp-content\/uploads\/2025\/08\/Ecopack_nomada_caixa-300x300.jpg 300w, https:\/\/laencantada.es\/wp-content\/uploads\/2025\/08\/Ecopack_nomada_caixa-150x150.jpg 150w, https:\/\/laencantada.es\/wp-content\/uploads\/2025\/08\/Ecopack_nomada_caixa-768x768.jpg 768w, https:\/\/laencantada.es\/wp-content\/uploads\/2025\/08\/Ecopack_nomada_caixa-600x600.jpg 600w, https:\/\/laencantada.es\/wp-content\/uploads\/2025\/08\/Ecopack_nomada_caixa-100x100.jpg 100w, https:\/\/laencantada.es\/wp-content\/uploads\/2025\/08\/Ecopack_nomada_caixa.jpg 1500w\" sizes=\"(max-width: 800px) 100vw, 800px\" \/>\t\t\t\t\t\t\t\t\t\t\t\t\t\t\t<\/div>\n\t\t\t\t<\/div>\n\t\t\t\t<div class=\"elementor-element elementor-element-db2cead elementor-widget elementor-widget-text-editor\" data-id=\"db2cead\" data-element_type=\"widget\" data-e-type=\"widget\" data-widget_type=\"text-editor.default\">\n\t\t\t\t<div class=\"elementor-widget-container\">\n\t\t\t\t\t\t\t\t\t<h3 style=\"text-align: center;\" data-start=\"201\" data-end=\"278\">\ud83c\udf3f Ecopack N\u00f3mada + Ritual de Renovaci\u00f3n<\/h3><p data-start=\"280\" data-end=\"557\">En La Encantada creemos que cuidarse es mucho m\u00e1s que aplicarse un producto: es regalarse un instante para reconectar con la naturaleza y con una misma.<br data-start=\"432\" data-end=\"435\" \/>Por eso, durante este fin de semana, al llevarte nuestro <strong data-start=\"492\" data-end=\"510\">Ecopack Nomad<\/strong> recibir\u00e1s de regalo un <strong data-start=\"534\" data-end=\"554\">Ba\u00f1o de Descarga<\/strong>.<\/p><p data-start=\"559\" data-end=\"839\">No es un regalo cualquiera\u2026 lo hemos elegido porque estamos en una \u00e9poca del a\u00f1o en la que la naturaleza nos invita a soltar lo que ya no necesitamos y abrir espacio a lo nuevo.<br data-start=\"736\" data-end=\"739\" \/>Queremos acompa\u00f1arte en ese proceso con un mimo que te ayudar\u00e1 a renovarte por dentro y por fuera.<\/p><p data-start=\"841\" data-end=\"882\">Y adem\u00e1s, <strong data-start=\"857\" data-end=\"879\">el env\u00edo es gratis<\/strong>.<\/p><h3 data-start=\"841\" data-end=\"882\">\u2728 \u00bfQu\u00e9 incluye el Ecopack N\u00f3mada?<\/h3><p data-start=\"930\" data-end=\"1044\">El Ecopack N\u00f3mada es la forma perfecta de llevar contigo lo esencial de tu cuidado natural, donde sea que vayas:<\/p><p><img decoding=\"async\" class=\"emoji\" role=\"img\" draggable=\"false\" src=\"https:\/\/s.w.org\/images\/core\/emoji\/16.0.1\/svg\/1f7e2.svg\" alt=\"\ud83d\udfe2\" \/>\u00a0<a href=\"https:\/\/laencantada.es\/en\/product\/rosemary-solid-shampoo-copy\/\"><strong data-start=\"833\" data-end=\"868\">Rosemary Solid Shampoo (85 gr)<\/strong>\u00a0- Cleanses and strengthens your hair naturally.<\/a><br \/><img decoding=\"async\" class=\"emoji\" role=\"img\" draggable=\"false\" src=\"https:\/\/s.w.org\/images\/core\/emoji\/16.0.1\/svg\/1f7e2.svg\" alt=\"\ud83d\udfe2\" \/>\u00a0<a href=\"https:\/\/laencantada.es\/en\/product\/aloe-vera-and-calendula-soap-for-sensitive-skins\/\"><strong data-start=\"924\" data-end=\"964\">Soap for Sensitive Skin (125 gr)<\/strong>\u00a0- With Aloe Vera and Calendula, ideal to pamper your skin.<\/a><br \/><img decoding=\"async\" class=\"emoji\" role=\"img\" draggable=\"false\" src=\"https:\/\/s.w.org\/images\/core\/emoji\/16.0.1\/svg\/1f7e2.svg\" alt=\"\ud83d\udfe2\" \/>\u00a0<a href=\"https:\/\/laencantada.es\/en\/product\/sage-toothpaste-2\/\"><strong data-start=\"1025\" data-end=\"1063\" data-is-only-node=\"\">Sage Toothpaste (80 ml)<\/strong>\u00a0- A fresh smile with natural ingredients.<\/a><br \/><img decoding=\"async\" class=\"emoji\" role=\"img\" draggable=\"false\" src=\"https:\/\/s.w.org\/images\/core\/emoji\/16.0.1\/svg\/1f7e2.svg\" alt=\"\ud83d\udfe2\" \/>\u00a0<a href=\"https:\/\/laencantada.es\/en\/product\/orange-lip-balm-2\/\"><strong data-start=\"1118\" data-end=\"1155\">Orange Lip Balm (15 ml)<\/strong>\u00a0- Moisturizes and protects your lips with a citrus touch.<\/a><\/p><p data-start=\"1407\" data-end=\"1555\">Cada producto est\u00e1 elaborado a mano, siguiendo los ciclos de la naturaleza, con ingredientes 100% naturales y m\u00e1s del 90% ecol\u00f3gicos certificados.<\/p>\t\t\t\t\t\t\t\t<\/div>\n\t\t\t\t<\/div>\n\t\t\t\t\t<\/div>\n\t\t\t\t<\/div>\n\t\t<div class=\"elementor-element elementor-element-4597798 e-flex e-con-boxed e-con e-parent\" data-id=\"4597798\" data-element_type=\"container\" data-e-type=\"container\">\n\t\t\t\t\t<div class=\"e-con-inner\">\n\t\t\t\t<div class=\"elementor-element elementor-element-08b06f3 elementor-widget elementor-widget-image\" data-id=\"08b06f3\" data-element_type=\"widget\" data-e-type=\"widget\" data-widget_type=\"image.default\">\n\t\t\t\t<div class=\"elementor-widget-container\">\n\t\t\t\t\t\t\t\t\t\t\t\t\t\t\t<img decoding=\"async\" width=\"683\" height=\"1024\" src=\"https:\/\/laencantada.es\/wp-content\/uploads\/2025\/08\/encantada-683x1024.jpg\" class=\"attachment-large size-large wp-image-40512\" alt=\"\" srcset=\"https:\/\/laencantada.es\/wp-content\/uploads\/2025\/08\/encantada-683x1024.jpg 683w, https:\/\/laencantada.es\/wp-content\/uploads\/2025\/08\/encantada-200x300.jpg 200w, https:\/\/laencantada.es\/wp-content\/uploads\/2025\/08\/encantada-768x1152.jpg 768w, https:\/\/laencantada.es\/wp-content\/uploads\/2025\/08\/encantada-8x12.jpg 8w, https:\/\/laencantada.es\/wp-content\/uploads\/2025\/08\/encantada-400x600.jpg 400w, https:\/\/laencantada.es\/wp-content\/uploads\/2025\/08\/encantada-67x100.jpg 67w, https:\/\/laencantada.es\/wp-content\/uploads\/2025\/08\/encantada.jpg 1024w\" sizes=\"(max-width: 683px) 100vw, 683px\" \/>\t\t\t\t\t\t\t\t\t\t\t\t\t\t\t<\/div>\n\t\t\t\t<\/div>\n\t\t\t\t\t<\/div>\n\t\t\t\t<\/div>\n\t\t<div class=\"elementor-element elementor-element-539655b e-flex e-con-boxed e-con e-parent\" data-id=\"539655b\" data-element_type=\"container\" data-e-type=\"container\">\n\t\t\t\t\t<div class=\"e-con-inner\">\n\t\t\t\t<div class=\"elementor-element elementor-element-e60d607 elementor-widget elementor-widget-text-editor\" data-id=\"e60d607\" data-element_type=\"widget\" data-e-type=\"widget\" data-widget_type=\"text-editor.default\">\n\t\t\t\t<div class=\"elementor-widget-container\">\n\t\t\t\t\t\t\t\t\t<h3 style=\"text-align: center;\" data-start=\"1562\" data-end=\"1598\">\ud83d\udc9a El regalo: Ba\u00f1o de Descarga<\/h3><p data-start=\"1600\" data-end=\"1737\">Un ritual alqu\u00edmico elaborado con plantas recolectadas seg\u00fan los ciclos lunares y maceradas artesanalmente.<br data-start=\"1707\" data-end=\"1710\" \/>Su f\u00f3rmula \u00fanica ayuda a:<\/p><ul data-start=\"1738\" data-end=\"1904\"><li data-start=\"1738\" data-end=\"1788\"><p data-start=\"1740\" data-end=\"1788\">\ud83c\udf3f <strong data-start=\"1743\" data-end=\"1786\">Liberar tensiones y energ\u00edas acumuladas<\/strong><\/p><\/li><li data-start=\"1789\" data-end=\"1817\"><p data-start=\"1791\" data-end=\"1817\">\u2728 <strong data-start=\"1793\" data-end=\"1815\">Recargar vitalidad<\/strong><\/p><\/li><li data-start=\"1818\" data-end=\"1854\"><p data-start=\"1820\" data-end=\"1854\">\ud83d\udca7 <strong data-start=\"1823\" data-end=\"1852\">Nutrir y suavizar la piel<\/strong><\/p><\/li><li data-start=\"1855\" data-end=\"1904\"><p data-start=\"1857\" data-end=\"1904\">\ud83d\udd4a <strong data-start=\"1860\" data-end=\"1902\">Regalar un momento de calma y conexi\u00f3n<\/strong><\/p><\/li><\/ul><p data-start=\"1906\" data-end=\"2038\">No es solo un ba\u00f1o, es una experiencia sensorial y energ\u00e9tica para cerrar ciclos, limpiar lo que no sirve y abrir paso a lo nuevo.<\/p>\t\t\t\t\t\t\t\t<\/div>\n\t\t\t\t<\/div>\n\t\t\t\t\t<\/div>\n\t\t\t\t<\/div>\n\t\t<div class=\"elementor-element elementor-element-70ee08a e-flex e-con-boxed e-con e-parent\" data-id=\"70ee08a\" data-element_type=\"container\" data-e-type=\"container\">\n\t\t\t\t\t<div class=\"e-con-inner\">\n\t\t\t\t<div class=\"elementor-element elementor-element-3a12a4d elementor-widget elementor-widget-image\" data-id=\"3a12a4d\" data-element_type=\"widget\" data-e-type=\"widget\" data-widget_type=\"image.default\">\n\t\t\t\t<div class=\"elementor-widget-container\">\n\t\t\t\t\t\t\t\t\t\t\t\t\t\t\t<img decoding=\"async\" width=\"800\" height=\"800\" src=\"https:\/\/laencantada.es\/wp-content\/uploads\/2025\/08\/picwish_8818519951_image1.jpg\" class=\"attachment-large size-large wp-image-40513\" alt=\"\" srcset=\"https:\/\/laencantada.es\/wp-content\/uploads\/2025\/08\/picwish_8818519951_image1.jpg 1024w, https:\/\/laencantada.es\/wp-content\/uploads\/2025\/08\/picwish_8818519951_image1-300x300.jpg 300w, https:\/\/laencantada.es\/wp-content\/uploads\/2025\/08\/picwish_8818519951_image1-150x150.jpg 150w, https:\/\/laencantada.es\/wp-content\/uploads\/2025\/08\/picwish_8818519951_image1-768x768.jpg 768w, https:\/\/laencantada.es\/wp-content\/uploads\/2025\/08\/picwish_8818519951_image1-12x12.jpg 12w, https:\/\/laencantada.es\/wp-content\/uploads\/2025\/08\/picwish_8818519951_image1-600x600.jpg 600w, https:\/\/laencantada.es\/wp-content\/uploads\/2025\/08\/picwish_8818519951_image1-100x100.jpg 100w\" sizes=\"(max-width: 800px) 100vw, 800px\" \/>\t\t\t\t\t\t\t\t\t\t\t\t\t\t\t<\/div>\n\t\t\t\t<\/div>\n\t\t\t\t\t<\/div>\n\t\t\t\t<\/div>\n\t\t<div class=\"elementor-element elementor-element-eeb8b20 e-flex e-con-boxed e-con e-parent\" data-id=\"eeb8b20\" data-element_type=\"container\" data-e-type=\"container\">\n\t\t\t\t\t<div class=\"e-con-inner\">\n\t\t<div class=\"elementor-element elementor-element-8465af1 e-con-full e-flex e-con e-child\" data-id=\"8465af1\" data-element_type=\"container\" data-e-type=\"container\">\n\t\t\t\t<div class=\"elementor-element elementor-element-684ed6b elementor-widget elementor-widget-text-editor\" data-id=\"684ed6b\" data-element_type=\"widget\" data-e-type=\"widget\" data-widget_type=\"text-editor.default\">\n\t\t\t\t<div class=\"elementor-widget-container\">\n\t\t\t\t\t\t\t\t\t<h3 data-start=\"2045\" data-end=\"2072\">\ud83d\udce6 \u00bfC\u00f3mo conseguirlo?<\/h3><ol data-start=\"2073\" data-end=\"2198\"><li data-start=\"2073\" data-end=\"2105\"><p data-start=\"2076\" data-end=\"2105\">Elige tu <strong data-start=\"2085\" data-end=\"2103\">Ecopack Nomad<\/strong><\/p><\/li><li data-start=\"2106\" data-end=\"2139\"><p data-start=\"2109\" data-end=\"2139\">Disfruta de <strong data-start=\"2121\" data-end=\"2137\">env\u00edo gratis<\/strong><\/p><\/li><li data-start=\"2140\" data-end=\"2198\"><p data-start=\"2143\" data-end=\"2198\">Recibe tu <strong data-start=\"2153\" data-end=\"2173\">Ba\u00f1o de Descarga<\/strong> autom\u00e1ticamente como obsequio especial<\/p><\/li><\/ol><p data-start=\"2200\" data-end=\"2252\"><strong data-start=\"2200\" data-end=\"2249\">Disponible solo hasta el domingo a medianoche<\/strong>.<\/p><h4 style=\"text-align: center;\" data-start=\"2254\" data-end=\"2292\">\ud83d\udc9a <a class=\"\" href=\"https:\/\/laencantada.es\/en\/product\/ecopack-nomada-copy\/\" rel=\"noopener\" data-start=\"2257\" data-end=\"2290\">Quiero mi Ecopack con regalo<\/a><\/h4>\t\t\t\t\t\t\t\t<\/div>\n\t\t\t\t<\/div>\n\t\t\t\t<\/div>\n\t\t\t\t\t<\/div>\n\t\t\t\t<\/div>\n\t\t\t\t<\/div>","protected":false},"excerpt":{"rendered":"<p>Este fin de semana, tu cuidado natural viene con un regalo muy especial \ud83c\udf81 \ud83c\udf3f Ecopack N\u00f3mada + Ritual de Renovaci\u00f3n En La Encantada creemos que cuidarse es mucho m\u00e1s que aplicarse un producto: es regalarse un instante para reconectar con la naturaleza y con una misma.Por eso, durante este fin de semana, al llevarte [&hellip;]<\/p>\n","protected":false},"author":188,"featured_media":0,"parent":0,"menu_order":0,"comment_status":"closed","ping_status":"closed","template":"","meta":{"om_disable_all_campaigns":false,"_monsterinsights_skip_tracking":false,"_monsterinsights_sitenote_active":false,"_monsterinsights_sitenote_note":"","_monsterinsights_sitenote_category":0,"_uf_show_specific_survey":0,"_uf_disable_surveys":false,"footnotes":""},"class_list":["post-40509","page","type-page","status-publish","hentry"],"_links":{"self":[{"href":"https:\/\/laencantada.es\/en\/wp-json\/wp\/v2\/pages\/40509","targetHints":{"allow":["GET"]}}],"collection":[{"href":"https:\/\/laencantada.es\/en\/wp-json\/wp\/v2\/pages"}],"about":[{"href":"https:\/\/laencantada.es\/en\/wp-json\/wp\/v2\/types\/page"}],"author":[{"embeddable":true,"href":"https:\/\/laencantada.es\/en\/wp-json\/wp\/v2\/users\/188"}],"replies":[{"embeddable":true,"href":"https:\/\/laencantada.es\/en\/wp-json\/wp\/v2\/comments?post=40509"}],"version-history":[{"count":5,"href":"https:\/\/laencantada.es\/en\/wp-json\/wp\/v2\/pages\/40509\/revisions"}],"predecessor-version":[{"id":40517,"href":"https:\/\/laencantada.es\/en\/wp-json\/wp\/v2\/pages\/40509\/revisions\/40517"}],"wp:attachment":[{"href":"https:\/\/laencantada.es\/en\/wp-json\/wp\/v2\/media?parent=40509"}],"curies":[{"name":"wp","href":"https:\/\/api.w.org\/{rel}","templated":true}]}}