{"id":39988,"date":"2025-04-03T16:34:01","date_gmt":"2025-04-03T14:34:01","guid":{"rendered":"https:\/\/laencantada.es\/?page_id=39988"},"modified":"2025-10-15T10:37:45","modified_gmt":"2025-10-15T08:37:45","slug":"regaloencantado","status":"publish","type":"page","link":"https:\/\/laencantada.es\/en\/regaloencantado\/","title":{"rendered":""},"content":{"rendered":"<div data-elementor-type=\"wp-page\" data-elementor-id=\"39988\" class=\"elementor elementor-39988\" data-elementor-post-type=\"page\">\n\t\t\t\t<div class=\"elementor-element elementor-element-771caf67 e-flex e-con-boxed e-con e-parent\" data-id=\"771caf67\" data-element_type=\"container\" data-e-type=\"container\">\n\t\t\t\t\t<div class=\"e-con-inner\">\n\t\t\t\t<div class=\"elementor-element elementor-element-4ae6189d elementor-widget elementor-widget-text-editor\" data-id=\"4ae6189d\" data-element_type=\"widget\" data-e-type=\"widget\" data-widget_type=\"text-editor.default\">\n\t\t\t\t<div class=\"elementor-widget-container\">\n\t\t\t\t\t\t\t\t\t<h2 style=\"text-align: center;\"><span style=\"color: #ff9900;\"><strong>\u00a1Un regalo nacido de la naturaleza!<br \/>Este fin de semana, la magia del bosque llega a tus manos<br \/><\/strong><\/span><\/h2>\n<h4 class=\"wp-block-heading\" style=\"text-align: left;\">Solo por este fin de semana, del viernes 17 al domingo 19 de octubre, e<strong data-start=\"624\" data-end=\"751\">n pedidos mayores a 49 \u20ac, te regalamos un ung\u00fcento de hip\u00e9rico artesanal.<br \/><br data-start=\"703\" data-end=\"706\" \/>\ud83d\udc9a Adem\u00e1s, el env\u00edo es totalmente gratuito.<br \/>Promoci\u00f3n v\u00e1lida hasta el domingo a las 23:59 hs<\/strong><\/h4>\n<p style=\"text-align: center;\"><!-- \/wp:heading --><!-- wp:image {\"id\":39990,\"sizeSlug\":\"full\",\"linkDestination\":\"none\"} --><\/p>\n<p style=\"text-align: center;\"><!-- \/wp:image --><!-- wp:paragraph --><\/p>\n<p><!-- \/wp:paragraph --><!-- wp:paragraph --><\/p>\n<p><!-- \/wp:paragraph --><\/p>\t\t\t\t\t\t\t\t<\/div>\n\t\t\t\t<\/div>\n\t\t\t\t\t<\/div>\n\t\t\t\t<\/div>\n\t\t<div class=\"elementor-element elementor-element-abb8604 e-flex e-con-boxed e-con e-parent\" data-id=\"abb8604\" data-element_type=\"container\" data-e-type=\"container\">\n\t\t\t\t\t<div class=\"e-con-inner\">\n\t\t\t\t<div class=\"elementor-element elementor-element-ab185a5 elementor-widget elementor-widget-image\" data-id=\"ab185a5\" data-element_type=\"widget\" data-e-type=\"widget\" data-widget_type=\"image.default\">\n\t\t\t\t<div class=\"elementor-widget-container\">\n\t\t\t\t\t\t\t\t\t\t\t\t\t\t\t<img fetchpriority=\"high\" decoding=\"async\" width=\"700\" height=\"700\" src=\"https:\/\/laencantada.es\/wp-content\/uploads\/2025\/10\/Ung_Hiperico-1.jpg\" class=\"attachment-large size-large wp-image-40804\" alt=\"\" srcset=\"https:\/\/laencantada.es\/wp-content\/uploads\/2025\/10\/Ung_Hiperico-1.jpg 700w, https:\/\/laencantada.es\/wp-content\/uploads\/2025\/10\/Ung_Hiperico-1-300x300.jpg 300w, https:\/\/laencantada.es\/wp-content\/uploads\/2025\/10\/Ung_Hiperico-1-150x150.jpg 150w, https:\/\/laencantada.es\/wp-content\/uploads\/2025\/10\/Ung_Hiperico-1-12x12.jpg 12w, https:\/\/laencantada.es\/wp-content\/uploads\/2025\/10\/Ung_Hiperico-1-600x600.jpg 600w, https:\/\/laencantada.es\/wp-content\/uploads\/2025\/10\/Ung_Hiperico-1-100x100.jpg 100w\" sizes=\"(max-width: 700px) 100vw, 700px\" \/>\t\t\t\t\t\t\t\t\t\t\t\t\t\t\t<\/div>\n\t\t\t\t<\/div>\n\t\t\t\t\t<\/div>\n\t\t\t\t<\/div>\n\t\t<div class=\"elementor-element elementor-element-022c432 e-flex e-con-boxed e-con e-parent\" data-id=\"022c432\" data-element_type=\"container\" data-e-type=\"container\">\n\t\t\t\t\t<div class=\"e-con-inner\">\n\t\t\t\t<div class=\"elementor-element elementor-element-4c2698a elementor-widget elementor-widget-text-editor\" data-id=\"4c2698a\" data-element_type=\"widget\" data-e-type=\"widget\" data-widget_type=\"text-editor.default\">\n\t\t\t\t<div class=\"elementor-widget-container\">\n\t\t\t\t\t\t\t\t\t<h3 data-start=\"758\" data-end=\"811\">\u2728 <strong data-start=\"764\" data-end=\"811\">Un regalo con alma: el ung\u00fcento de hip\u00e9rico<\/strong><\/h3>\n<h5 data-start=\"812\" data-end=\"1115\">Una joya bot\u00e1nica elaborada a mano en nuestro obrador, siguiendo los ritmos de la naturaleza y las fases de la luna.<br data-start=\"928\" data-end=\"931\" \/>Durante varios d\u00edas, las flores silvestres de hip\u00e9rico reposan en aceite de oliva virgen extra, bajo el sol del bosque, hasta que toda su fuerza y su luz quedan atrapadas en cada frasco.<\/h5>\n<h4 data-start=\"1117\" data-end=\"1156\">\ud83d\udcab <strong data-start=\"1120\" data-end=\"1154\">Propiedades que tu piel amar\u00e1:<\/strong><\/h4>\n<ul data-start=\"1157\" data-end=\"1361\">\n<li data-start=\"1157\" data-end=\"1210\">\n<h5 data-start=\"1159\" data-end=\"1210\">Calma irritaciones, quemaduras leves y picaduras.<\/h5>\n<\/li>\n<li data-start=\"1211\" data-end=\"1266\">\n<h5 data-start=\"1213\" data-end=\"1266\">Regenera tejidos y mejora el aspecto de cicatrices.<\/h5>\n<\/li>\n<li data-start=\"1267\" data-end=\"1325\">\n<h5 data-start=\"1269\" data-end=\"1325\">Alivia la piel tras la exposici\u00f3n solar o el afeitado.<\/h5>\n<\/li>\n<li data-start=\"1326\" data-end=\"1361\">\n<h5 data-start=\"1328\" data-end=\"1361\">Nutre y protege en profundidad.<\/h5>\n<\/li>\n<\/ul>\n<h5 data-start=\"1363\" data-end=\"1417\">Un b\u00e1lsamo imprescindible para tener siempre a mano.<\/h5>\n<hr data-start=\"1419\" data-end=\"1422\" \/>\n<h3 data-start=\"1424\" data-end=\"1470\">\ud83c\udf3c <strong data-start=\"1431\" data-end=\"1470\">Por qu\u00e9 te encantar\u00e1 esta promoci\u00f3n<\/strong><\/h3>\n<h5 data-start=\"1471\" data-end=\"1695\">En La Encantada creemos que <strong data-start=\"1499\" data-end=\"1543\">cuidarse es un acto de amor y coherencia<\/strong>.<br data-start=\"1544\" data-end=\"1547\" \/>Por eso, cada una de nuestras p\u00f3cimas est\u00e1 elaborada con ingredientes ecol\u00f3gicos, plantas recolectadas a mano y un profundo respeto por la tierra.<\/h5>\n<h5 data-start=\"1697\" data-end=\"1877\"><strong data-start=\"1700\" data-end=\"1767\">Queremos agradecerte por ser parte de esta comunidad consciente<\/strong><br data-start=\"1767\" data-end=\"1770\" \/>y ofrecerte un regalo que simboliza ese v\u00ednculo entre la naturaleza, el bienestar y la belleza aut\u00e9ntica.<\/h5>\n<hr data-start=\"1879\" data-end=\"1882\" \/>\n<h3 data-start=\"1884\" data-end=\"1923\">\ud83c\udf19 <strong data-start=\"1891\" data-end=\"1923\">C\u00f3mo aprovechar la promoci\u00f3n<\/strong><\/h3>\n<h5 data-start=\"1924\" data-end=\"2177\">1\ufe0f\u20e3 A\u00f1ade tus productos favoritos al carrito.<br data-start=\"1969\" data-end=\"1972\" \/>2\ufe0f\u20e3 Si tu pedido supera los <strong data-start=\"2000\" data-end=\"2008\">49 \u20ac<\/strong>, a\u00f1adiremos autom\u00e1ticamente <strong data-start=\"2037\" data-end=\"2074\">el ung\u00fcento de hip\u00e9rico artesanal<\/strong> a tu env\u00edo.<br data-start=\"2086\" data-end=\"2089\" \/>3\ufe0f\u20e3 Rec\u00edbelo en casa <strong data-start=\"2110\" data-end=\"2132\">sin coste de env\u00edo<\/strong>, preparado con amor desde nuestro obrador.<\/h5>\n<h5 data-start=\"2179\" data-end=\"2236\">\ud83d\udd70\ufe0f <em data-start=\"2183\" data-end=\"2234\">Promoci\u00f3n v\u00e1lida hasta el domingo a las 23:59 hs.<\/em><\/h5>\n<hr data-start=\"2238\" data-end=\"2241\" \/>\n<h3 data-start=\"2243\" data-end=\"2282\">\ud83c\udf3f <strong data-start=\"2250\" data-end=\"2282\">Autenticidad en cada detalle<\/strong><\/h3>\n<h5 data-start=\"2283\" data-end=\"2514\">\u2714 Elaboraci\u00f3n artesanal con plantas recolectadas seg\u00fan las fases lunares.<br data-start=\"2356\" data-end=\"2359\" \/>\u2714 Ingredientes 100% naturales y m\u00e1s del 90% ecol\u00f3gicos.<br data-start=\"2414\" data-end=\"2417\" \/>\u2714 Sin qu\u00edmicos, conservantes ni colorantes.<br data-start=\"2460\" data-end=\"2463\" \/>\u2714 Vegano, sostenible y respetuoso con el planeta.<\/h5>\n<hr data-start=\"2516\" data-end=\"2519\" \/>\n<h3 data-start=\"2521\" data-end=\"2571\">\ud83d\udc8c <strong data-start=\"2528\" data-end=\"2571\">No dejes que se escape esta oportunidad<\/strong><\/h3>\n<h5 data-start=\"2572\" data-end=\"2666\">Descubre la magia de la cosm\u00e9tica consciente y a\u00f1ade un toque de bosque a tu cuidado diario.<\/h5>\t\t\t\t\t\t\t\t<\/div>\n\t\t\t\t<\/div>\n\t\t\t\t\t<\/div>\n\t\t\t\t<\/div>\n\t\t<div class=\"elementor-element elementor-element-f89460f e-flex e-con-boxed e-con e-parent\" data-id=\"f89460f\" data-element_type=\"container\" data-e-type=\"container\">\n\t\t\t\t\t<div class=\"e-con-inner\">\n\t\t\t\t<div class=\"elementor-element elementor-element-c74fe0a elementor-widget elementor-widget-image\" data-id=\"c74fe0a\" data-element_type=\"widget\" data-e-type=\"widget\" data-widget_type=\"image.default\">\n\t\t\t\t<div class=\"elementor-widget-container\">\n\t\t\t\t\t\t\t\t\t\t\t\t\t\t\t<img decoding=\"async\" width=\"700\" height=\"700\" src=\"https:\/\/laencantada.es\/wp-content\/uploads\/2025\/10\/Ung_Hiperico2.jpg\" class=\"attachment-large size-large wp-image-40805\" alt=\"\" srcset=\"https:\/\/laencantada.es\/wp-content\/uploads\/2025\/10\/Ung_Hiperico2.jpg 700w, https:\/\/laencantada.es\/wp-content\/uploads\/2025\/10\/Ung_Hiperico2-300x300.jpg 300w, https:\/\/laencantada.es\/wp-content\/uploads\/2025\/10\/Ung_Hiperico2-150x150.jpg 150w, https:\/\/laencantada.es\/wp-content\/uploads\/2025\/10\/Ung_Hiperico2-12x12.jpg 12w, https:\/\/laencantada.es\/wp-content\/uploads\/2025\/10\/Ung_Hiperico2-600x600.jpg 600w, https:\/\/laencantada.es\/wp-content\/uploads\/2025\/10\/Ung_Hiperico2-100x100.jpg 100w\" sizes=\"(max-width: 700px) 100vw, 700px\" \/>\t\t\t\t\t\t\t\t\t\t\t\t\t\t\t<\/div>\n\t\t\t\t<\/div>\n\t\t\t\t\t<\/div>\n\t\t\t\t<\/div>\n\t\t\t\t<\/div>","protected":false},"excerpt":{"rendered":"<p>\u00a1Un regalo nacido de la naturaleza!Este fin de semana, la magia del bosque llega a tus manos Solo por este fin de semana, del viernes 17 al domingo 19 de octubre, en pedidos mayores a 49 \u20ac, te regalamos un ung\u00fcento de hip\u00e9rico artesanal.\ud83d\udc9a Adem\u00e1s, el env\u00edo es totalmente gratuito.Promoci\u00f3n v\u00e1lida hasta el domingo a [&hellip;]<\/p>\n","protected":false},"author":188,"featured_media":0,"parent":0,"menu_order":0,"comment_status":"closed","ping_status":"closed","template":"","meta":{"om_disable_all_campaigns":false,"_monsterinsights_skip_tracking":false,"_monsterinsights_sitenote_active":false,"_monsterinsights_sitenote_note":"","_monsterinsights_sitenote_category":0,"_uf_show_specific_survey":0,"_uf_disable_surveys":false,"footnotes":""},"class_list":["post-39988","page","type-page","status-publish","hentry"],"_links":{"self":[{"href":"https:\/\/laencantada.es\/en\/wp-json\/wp\/v2\/pages\/39988","targetHints":{"allow":["GET"]}}],"collection":[{"href":"https:\/\/laencantada.es\/en\/wp-json\/wp\/v2\/pages"}],"about":[{"href":"https:\/\/laencantada.es\/en\/wp-json\/wp\/v2\/types\/page"}],"author":[{"embeddable":true,"href":"https:\/\/laencantada.es\/en\/wp-json\/wp\/v2\/users\/188"}],"replies":[{"embeddable":true,"href":"https:\/\/laencantada.es\/en\/wp-json\/wp\/v2\/comments?post=39988"}],"version-history":[{"count":23,"href":"https:\/\/laencantada.es\/en\/wp-json\/wp\/v2\/pages\/39988\/revisions"}],"predecessor-version":[{"id":40808,"href":"https:\/\/laencantada.es\/en\/wp-json\/wp\/v2\/pages\/39988\/revisions\/40808"}],"wp:attachment":[{"href":"https:\/\/laencantada.es\/en\/wp-json\/wp\/v2\/media?parent=39988"}],"curies":[{"name":"wp","href":"https:\/\/api.w.org\/{rel}","templated":true}]}}