{"id":11,"date":"2019-09-11T18:20:19","date_gmt":"2019-09-11T18:20:19","guid":{"rendered":"http:\/\/laencantada.es\/carrito\/"},"modified":"2026-02-13T16:02:26","modified_gmt":"2026-02-13T15:02:26","slug":"carrito-2","status":"publish","type":"page","link":"https:\/\/laencantada.es\/en\/carrito-2\/","title":{"rendered":"Trolley"},"content":{"rendered":"<div data-elementor-type=\"wp-page\" data-elementor-id=\"11\" class=\"elementor elementor-11\" data-elementor-post-type=\"page\">\n\t\t\t\t\t\t<section class=\"elementor-section elementor-top-section elementor-element elementor-element-ff87a5 elementor-section-boxed elementor-section-height-default elementor-section-height-default\" data-id=\"ff87a5\" data-element_type=\"section\" data-e-type=\"section\">\n\t\t\t\t\t\t<div class=\"elementor-container elementor-column-gap-default\">\n\t\t\t\t\t<div class=\"elementor-column elementor-col-100 elementor-top-column elementor-element elementor-element-45c4d031\" data-id=\"45c4d031\" data-element_type=\"column\" data-e-type=\"column\">\n\t\t\t<div class=\"elementor-widget-wrap elementor-element-populated\">\n\t\t\t\t\t\t\t<\/div>\n\t\t<\/div>\n\t\t\t\t\t<\/div>\n\t\t<\/section>\n\t\t\t\t<\/div>","protected":false},"excerpt":{"rendered":"<p>Eliminar art\u00edculo Imagen en miniatura Producto Precio Cantidad Subtotal &times; Crema Facial Nutritiva de Cal\u00e9ndula Pieles j\u00f3venes 25,50&euro; Crema Facial Nutritiva de Cal\u00e9ndula&nbsp; Pieles j\u00f3venes cantidad 25,50&euro; Productos m\u00e1s vendidos Ung\u00fcento de Santa Mar\u00eda Muscul-Arti \/ CBD y \u00c1rnica 23,00&euro; &ndash; 79,90&euro; IVA inclu\u00eddo Unidades vendidas: 315 Seleccionar opciones Este producto tiene m\u00faltiples variantes. Las [&hellip;]<\/p>\n","protected":false},"author":4,"featured_media":0,"parent":0,"menu_order":0,"comment_status":"closed","ping_status":"closed","template":"","meta":{"om_disable_all_campaigns":false,"_monsterinsights_skip_tracking":false,"_monsterinsights_sitenote_active":false,"_monsterinsights_sitenote_note":"","_monsterinsights_sitenote_category":0,"_uf_show_specific_survey":0,"_uf_disable_surveys":false,"footnotes":""},"class_list":["post-11","page","type-page","status-publish","hentry"],"_links":{"self":[{"href":"https:\/\/laencantada.es\/en\/wp-json\/wp\/v2\/pages\/11","targetHints":{"allow":["GET"]}}],"collection":[{"href":"https:\/\/laencantada.es\/en\/wp-json\/wp\/v2\/pages"}],"about":[{"href":"https:\/\/laencantada.es\/en\/wp-json\/wp\/v2\/types\/page"}],"author":[{"embeddable":true,"href":"https:\/\/laencantada.es\/en\/wp-json\/wp\/v2\/users\/4"}],"replies":[{"embeddable":true,"href":"https:\/\/laencantada.es\/en\/wp-json\/wp\/v2\/comments?post=11"}],"version-history":[{"count":38,"href":"https:\/\/laencantada.es\/en\/wp-json\/wp\/v2\/pages\/11\/revisions"}],"predecessor-version":[{"id":39715,"href":"https:\/\/laencantada.es\/en\/wp-json\/wp\/v2\/pages\/11\/revisions\/39715"}],"wp:attachment":[{"href":"https:\/\/laencantada.es\/en\/wp-json\/wp\/v2\/media?parent=11"}],"curies":[{"name":"wp","href":"https:\/\/api.w.org\/{rel}","templated":true}]}}